{"id":5340,"date":"2023-04-04T16:12:48","date_gmt":"2023-04-04T14:12:48","guid":{"rendered":"https:\/\/www.vinsign.eu\/clause-de-non-responsabilite\/"},"modified":"2023-07-09T15:07:04","modified_gmt":"2023-07-09T13:07:04","slug":"clause-de-non-responsabilite","status":"publish","type":"page","link":"https:\/\/www.vinsign.eu\/fr\/clause-de-non-responsabilite\/","title":{"rendered":"Clause de non-responsabilit\u00e9"},"content":{"rendered":"\t\t<div data-elementor-type=\"wp-page\" data-elementor-id=\"5340\" class=\"elementor elementor-5340 elementor-431\" data-elementor-post-type=\"page\">\n\t\t\t\t<div class=\"elementor-element elementor-element-5034742 e-flex e-con-boxed e-con e-parent\" data-id=\"5034742\" data-element_type=\"container\" data-e-type=\"container\">\n\t\t\t\t\t<div class=\"e-con-inner\">\n\t\t\t\t\t<\/div>\n\t\t\t\t<\/div>\n\t\t<div class=\"elementor-element elementor-element-bde1fc5 e-flex e-con-boxed e-con e-parent\" data-id=\"bde1fc5\" data-element_type=\"container\" data-e-type=\"container\">\n\t\t\t\t\t<div class=\"e-con-inner\">\n\t\t<div class=\"elementor-element elementor-element-9a1f65b e-con-full e-flex e-con e-parent\" data-id=\"9a1f65b\" data-element_type=\"container\" data-e-type=\"container\">\n\t\t\t\t<div class=\"elementor-element elementor-element-63b4fb0 elementor-widget elementor-widget-text-editor\" data-id=\"63b4fb0\" data-element_type=\"widget\" data-e-type=\"widget\" data-widget_type=\"text-editor.default\">\n\t\t\t\t<div class=\"elementor-widget-container\">\n\t\t\t\t\t\t\t\t\t<p>Les informations et le mat\u00e9riel contenus dans ce site web sont fournis \u00e0 titre d&rsquo;information g\u00e9n\u00e9rale uniquement. Aucun droit ne peut \u00eatre tir\u00e9 des textes, descriptions, prix et images affich\u00e9s sur ce site web. Les informations sont fournies par Vinsign et bien que nous nous efforcions de maintenir les informations \u00e0 jour et correctes, nous ne faisons aucune d\u00e9claration ou garantie de quelque nature que ce soit, expresse ou implicite, concernant l&rsquo;exhaustivit\u00e9, l&rsquo;exactitude, la fiabilit\u00e9, l&rsquo;ad\u00e9quation ou la disponibilit\u00e9 en ce qui concerne le site web ou les informations, les produits, les services ou les graphiques connexes contenus sur le site web \u00e0 quelque fin que ce soit. La confiance que vous accordez \u00e0 ces informations est donc strictement \u00e0 vos risques et p\u00e9rils.<\/p>\n<p>Si vous d\u00e9cidez de commander un panneau, les d\u00e9tails de la commande seront convenus avant l&rsquo;achat. En outre, les images affich\u00e9es sur ce site ne peuvent \u00eatre r\u00e9utilis\u00e9es sans autorisation \u00e9crite.<\/p>\n<p>Tous les efforts sont faits pour assurer le bon fonctionnement du site web. Cependant, Vinsign n&rsquo;est pas responsable de l&rsquo;indisponibilit\u00e9 temporaire du site web en raison de probl\u00e8mes techniques ind\u00e9pendants de notre volont\u00e9.<\/p>\n<p>En utilisant ce site web, vous acceptez les termes de cette clause de non-responsabilit\u00e9. Si vous n&rsquo;acceptez pas ces conditions, veuillez ne pas utiliser ce site web.<\/p>\n\t\t\t\t\t\t\t\t<\/div>\n\t\t\t\t<\/div>\n\t\t\t\t<\/div>\n\t\t<div class=\"elementor-element elementor-element-7ca406b e-con-full e-flex e-con e-parent\" data-id=\"7ca406b\" data-element_type=\"container\" data-e-type=\"container\">\n\t\t\t\t<div class=\"elementor-element elementor-element-1708c12 elementor-widget elementor-widget-image\" data-id=\"1708c12\" data-element_type=\"widget\" data-e-type=\"widget\" data-widget_type=\"image.default\">\n\t\t\t\t<div class=\"elementor-widget-container\">\n\t\t\t\t\t\t\t\t\t\t\t\t\t\t\t<img fetchpriority=\"high\" decoding=\"async\" width=\"800\" height=\"599\" src=\"https:\/\/www.vinsign.eu\/wp-content\/uploads\/2023\/04\/zur-normandie-authentic-2.webp\" class=\"attachment-large size-large wp-image-5162\" alt=\"\" srcset=\"https:\/\/www.vinsign.eu\/wp-content\/uploads\/2023\/04\/zur-normandie-authentic-2.webp 802w, https:\/\/www.vinsign.eu\/wp-content\/uploads\/2023\/04\/zur-normandie-authentic-2-300x224.webp 300w, https:\/\/www.vinsign.eu\/wp-content\/uploads\/2023\/04\/zur-normandie-authentic-2-768x575.webp 768w\" sizes=\"(max-width: 800px) 100vw, 800px\" \/>\t\t\t\t\t\t\t\t\t\t\t\t\t\t\t<\/div>\n\t\t\t\t<\/div>\n\t\t\t\t<\/div>\n\t\t\t\t\t<\/div>\n\t\t\t\t<\/div>\n\t\t\t\t<\/div>\n\t\t","protected":false},"excerpt":{"rendered":"<p>Les informations et le mat\u00e9riel contenus dans ce site web sont fournis \u00e0 titre d&rsquo;information g\u00e9n\u00e9rale uniquement. Aucun droit ne peut \u00eatre tir\u00e9 des textes, descriptions, prix et images affich\u00e9s sur ce site web. Les informations sont fournies par Vinsign et bien que nous nous efforcions de maintenir les informations \u00e0 jour et correctes, nous [&hellip;]<\/p>\n","protected":false},"author":1,"featured_media":5162,"parent":0,"menu_order":910,"comment_status":"closed","ping_status":"closed","template":"","meta":{"footnotes":""},"class_list":["post-5340","page","type-page","status-publish","has-post-thumbnail","hentry"],"yoast_head":"<!-- This site is optimized with the Yoast SEO plugin v27.4 - https:\/\/yoast.com\/product\/yoast-seo-wordpress\/ -->\n<title>Clause de non-responsabilit\u00e9 : Informations importantes et limites de VinSign<\/title>\n<meta name=\"description\" content=\"Lisez notre clause de non-responsabilit\u00e9 pour comprendre les informations importantes et les limitations concernant le contenu de notre site web.\" \/>\n<meta name=\"robots\" content=\"index, follow, max-snippet:-1, max-image-preview:large, max-video-preview:-1\" \/>\n<link rel=\"canonical\" href=\"https:\/\/www.vinsign.eu\/fr\/clause-de-non-responsabilite\/\" \/>\n<meta property=\"og:locale\" content=\"fr_FR\" \/>\n<meta property=\"og:type\" content=\"article\" \/>\n<meta property=\"og:title\" content=\"Clause de non-responsabilit\u00e9 : Informations importantes et limites de VinSign\" \/>\n<meta property=\"og:description\" content=\"Lisez notre clause de non-responsabilit\u00e9 pour comprendre les informations importantes et les limitations concernant le contenu de notre site web.\" \/>\n<meta property=\"og:url\" content=\"https:\/\/www.vinsign.eu\/fr\/clause-de-non-responsabilite\/\" \/>\n<meta property=\"og:site_name\" content=\"Vinsign\" \/>\n<meta property=\"article:publisher\" content=\"https:\/\/www.facebook.com\/vinsignbm\" \/>\n<meta property=\"article:modified_time\" content=\"2023-07-09T13:07:04+00:00\" \/>\n<meta property=\"og:image\" content=\"https:\/\/www.vinsign.eu\/wp-content\/uploads\/2023\/04\/zur-normandie-authentic-2.webp\" \/>\n\t<meta property=\"og:image:width\" content=\"802\" \/>\n\t<meta property=\"og:image:height\" content=\"600\" \/>\n\t<meta property=\"og:image:type\" content=\"image\/webp\" \/>\n<meta name=\"twitter:card\" content=\"summary_large_image\" \/>\n<meta name=\"twitter:label1\" content=\"Dur\u00e9e de lecture estim\u00e9e\" \/>\n\t<meta name=\"twitter:data1\" content=\"1 minute\" \/>\n<script type=\"application\/ld+json\" class=\"yoast-schema-graph\">{\"@context\":\"https:\\\/\\\/schema.org\",\"@graph\":[{\"@type\":\"WebPage\",\"@id\":\"https:\\\/\\\/www.vinsign.eu\\\/fr\\\/clause-de-non-responsabilite\\\/\",\"url\":\"https:\\\/\\\/www.vinsign.eu\\\/fr\\\/clause-de-non-responsabilite\\\/\",\"name\":\"Clause de non-responsabilit\u00e9 : Informations importantes et limites de VinSign\",\"isPartOf\":{\"@id\":\"https:\\\/\\\/www.vinsign.eu\\\/fr\\\/#website\"},\"primaryImageOfPage\":{\"@id\":\"https:\\\/\\\/www.vinsign.eu\\\/fr\\\/clause-de-non-responsabilite\\\/#primaryimage\"},\"image\":{\"@id\":\"https:\\\/\\\/www.vinsign.eu\\\/fr\\\/clause-de-non-responsabilite\\\/#primaryimage\"},\"thumbnailUrl\":\"https:\\\/\\\/www.vinsign.eu\\\/wp-content\\\/uploads\\\/2023\\\/04\\\/zur-normandie-authentic-2.webp\",\"datePublished\":\"2023-04-04T14:12:48+00:00\",\"dateModified\":\"2023-07-09T13:07:04+00:00\",\"description\":\"Lisez notre clause de non-responsabilit\u00e9 pour comprendre les informations importantes et les limitations concernant le contenu de notre site web.\",\"inLanguage\":\"fr-FR\",\"potentialAction\":[{\"@type\":\"ReadAction\",\"target\":[\"https:\\\/\\\/www.vinsign.eu\\\/fr\\\/clause-de-non-responsabilite\\\/\"]}]},{\"@type\":\"ImageObject\",\"inLanguage\":\"fr-FR\",\"@id\":\"https:\\\/\\\/www.vinsign.eu\\\/fr\\\/clause-de-non-responsabilite\\\/#primaryimage\",\"url\":\"https:\\\/\\\/www.vinsign.eu\\\/wp-content\\\/uploads\\\/2023\\\/04\\\/zur-normandie-authentic-2.webp\",\"contentUrl\":\"https:\\\/\\\/www.vinsign.eu\\\/wp-content\\\/uploads\\\/2023\\\/04\\\/zur-normandie-authentic-2.webp\",\"width\":802,\"height\":600},{\"@type\":\"WebSite\",\"@id\":\"https:\\\/\\\/www.vinsign.eu\\\/fr\\\/#website\",\"url\":\"https:\\\/\\\/www.vinsign.eu\\\/fr\\\/\",\"name\":\"VinSign\",\"description\":\"Enseignes faites \u00e0 la main\",\"publisher\":{\"@id\":\"https:\\\/\\\/www.vinsign.eu\\\/fr\\\/#organization\"},\"potentialAction\":[{\"@type\":\"SearchAction\",\"target\":{\"@type\":\"EntryPoint\",\"urlTemplate\":\"https:\\\/\\\/www.vinsign.eu\\\/fr\\\/?s={search_term_string}\"},\"query-input\":{\"@type\":\"PropertyValueSpecification\",\"valueRequired\":true,\"valueName\":\"search_term_string\"}}],\"inLanguage\":\"fr-FR\"},{\"@type\":\"Organization\",\"@id\":\"https:\\\/\\\/www.vinsign.eu\\\/fr\\\/#organization\",\"name\":\"VinSign\",\"url\":\"https:\\\/\\\/www.vinsign.eu\\\/fr\\\/\",\"logo\":{\"@type\":\"ImageObject\",\"inLanguage\":\"fr-FR\",\"@id\":\"https:\\\/\\\/www.vinsign.eu\\\/fr\\\/#\\\/schema\\\/logo\\\/image\\\/\",\"url\":\"https:\\\/\\\/www.vinsign.eu\\\/wp-content\\\/uploads\\\/2023\\\/03\\\/logo-vinsign.webp\",\"contentUrl\":\"https:\\\/\\\/www.vinsign.eu\\\/wp-content\\\/uploads\\\/2023\\\/03\\\/logo-vinsign.webp\",\"width\":400,\"height\":121,\"caption\":\"VinSign\"},\"image\":{\"@id\":\"https:\\\/\\\/www.vinsign.eu\\\/fr\\\/#\\\/schema\\\/logo\\\/image\\\/\"},\"sameAs\":[\"https:\\\/\\\/www.facebook.com\\\/vinsignbm\"]}]}<\/script>\n<!-- \/ Yoast SEO plugin. -->","yoast_head_json":{"title":"Clause de non-responsabilit\u00e9 : Informations importantes et limites de VinSign","description":"Lisez notre clause de non-responsabilit\u00e9 pour comprendre les informations importantes et les limitations concernant le contenu de notre site web.","robots":{"index":"index","follow":"follow","max-snippet":"max-snippet:-1","max-image-preview":"max-image-preview:large","max-video-preview":"max-video-preview:-1"},"canonical":"https:\/\/www.vinsign.eu\/fr\/clause-de-non-responsabilite\/","og_locale":"fr_FR","og_type":"article","og_title":"Clause de non-responsabilit\u00e9 : Informations importantes et limites de VinSign","og_description":"Lisez notre clause de non-responsabilit\u00e9 pour comprendre les informations importantes et les limitations concernant le contenu de notre site web.","og_url":"https:\/\/www.vinsign.eu\/fr\/clause-de-non-responsabilite\/","og_site_name":"Vinsign","article_publisher":"https:\/\/www.facebook.com\/vinsignbm","article_modified_time":"2023-07-09T13:07:04+00:00","og_image":[{"width":802,"height":600,"url":"https:\/\/www.vinsign.eu\/wp-content\/uploads\/2023\/04\/zur-normandie-authentic-2.webp","type":"image\/webp"}],"twitter_card":"summary_large_image","twitter_misc":{"Dur\u00e9e de lecture estim\u00e9e":"1 minute"},"schema":{"@context":"https:\/\/schema.org","@graph":[{"@type":"WebPage","@id":"https:\/\/www.vinsign.eu\/fr\/clause-de-non-responsabilite\/","url":"https:\/\/www.vinsign.eu\/fr\/clause-de-non-responsabilite\/","name":"Clause de non-responsabilit\u00e9 : Informations importantes et limites de VinSign","isPartOf":{"@id":"https:\/\/www.vinsign.eu\/fr\/#website"},"primaryImageOfPage":{"@id":"https:\/\/www.vinsign.eu\/fr\/clause-de-non-responsabilite\/#primaryimage"},"image":{"@id":"https:\/\/www.vinsign.eu\/fr\/clause-de-non-responsabilite\/#primaryimage"},"thumbnailUrl":"https:\/\/www.vinsign.eu\/wp-content\/uploads\/2023\/04\/zur-normandie-authentic-2.webp","datePublished":"2023-04-04T14:12:48+00:00","dateModified":"2023-07-09T13:07:04+00:00","description":"Lisez notre clause de non-responsabilit\u00e9 pour comprendre les informations importantes et les limitations concernant le contenu de notre site web.","inLanguage":"fr-FR","potentialAction":[{"@type":"ReadAction","target":["https:\/\/www.vinsign.eu\/fr\/clause-de-non-responsabilite\/"]}]},{"@type":"ImageObject","inLanguage":"fr-FR","@id":"https:\/\/www.vinsign.eu\/fr\/clause-de-non-responsabilite\/#primaryimage","url":"https:\/\/www.vinsign.eu\/wp-content\/uploads\/2023\/04\/zur-normandie-authentic-2.webp","contentUrl":"https:\/\/www.vinsign.eu\/wp-content\/uploads\/2023\/04\/zur-normandie-authentic-2.webp","width":802,"height":600},{"@type":"WebSite","@id":"https:\/\/www.vinsign.eu\/fr\/#website","url":"https:\/\/www.vinsign.eu\/fr\/","name":"VinSign","description":"Enseignes faites \u00e0 la main","publisher":{"@id":"https:\/\/www.vinsign.eu\/fr\/#organization"},"potentialAction":[{"@type":"SearchAction","target":{"@type":"EntryPoint","urlTemplate":"https:\/\/www.vinsign.eu\/fr\/?s={search_term_string}"},"query-input":{"@type":"PropertyValueSpecification","valueRequired":true,"valueName":"search_term_string"}}],"inLanguage":"fr-FR"},{"@type":"Organization","@id":"https:\/\/www.vinsign.eu\/fr\/#organization","name":"VinSign","url":"https:\/\/www.vinsign.eu\/fr\/","logo":{"@type":"ImageObject","inLanguage":"fr-FR","@id":"https:\/\/www.vinsign.eu\/fr\/#\/schema\/logo\/image\/","url":"https:\/\/www.vinsign.eu\/wp-content\/uploads\/2023\/03\/logo-vinsign.webp","contentUrl":"https:\/\/www.vinsign.eu\/wp-content\/uploads\/2023\/03\/logo-vinsign.webp","width":400,"height":121,"caption":"VinSign"},"image":{"@id":"https:\/\/www.vinsign.eu\/fr\/#\/schema\/logo\/image\/"},"sameAs":["https:\/\/www.facebook.com\/vinsignbm"]}]}},"_links":{"self":[{"href":"https:\/\/www.vinsign.eu\/fr\/wp-json\/wp\/v2\/pages\/5340","targetHints":{"allow":["GET"]}}],"collection":[{"href":"https:\/\/www.vinsign.eu\/fr\/wp-json\/wp\/v2\/pages"}],"about":[{"href":"https:\/\/www.vinsign.eu\/fr\/wp-json\/wp\/v2\/types\/page"}],"author":[{"embeddable":true,"href":"https:\/\/www.vinsign.eu\/fr\/wp-json\/wp\/v2\/users\/1"}],"replies":[{"embeddable":true,"href":"https:\/\/www.vinsign.eu\/fr\/wp-json\/wp\/v2\/comments?post=5340"}],"version-history":[{"count":3,"href":"https:\/\/www.vinsign.eu\/fr\/wp-json\/wp\/v2\/pages\/5340\/revisions"}],"predecessor-version":[{"id":5343,"href":"https:\/\/www.vinsign.eu\/fr\/wp-json\/wp\/v2\/pages\/5340\/revisions\/5343"}],"wp:featuredmedia":[{"embeddable":true,"href":"https:\/\/www.vinsign.eu\/fr\/wp-json\/wp\/v2\/media\/5162"}],"wp:attachment":[{"href":"https:\/\/www.vinsign.eu\/fr\/wp-json\/wp\/v2\/media?parent=5340"}],"curies":[{"name":"wp","href":"https:\/\/api.w.org\/{rel}","templated":true}]}}