{"id":5334,"date":"2023-04-04T16:15:17","date_gmt":"2023-04-04T14:15:17","guid":{"rendered":"https:\/\/www.vinsign.eu\/a-propos-de-nous\/"},"modified":"2023-07-09T15:04:24","modified_gmt":"2023-07-09T13:04:24","slug":"a-propos-de-nous","status":"publish","type":"page","link":"https:\/\/www.vinsign.eu\/fr\/a-propos-de-nous\/","title":{"rendered":"A propos de nous"},"content":{"rendered":"\t\t<div data-elementor-type=\"wp-page\" data-elementor-id=\"5334\" class=\"elementor elementor-5334 elementor-442\" data-elementor-post-type=\"page\">\n\t\t\t\t<div class=\"elementor-element elementor-element-ccb828a e-flex e-con-boxed e-con e-parent\" data-id=\"ccb828a\" data-element_type=\"container\" data-e-type=\"container\">\n\t\t\t\t\t<div class=\"e-con-inner\">\n\t\t<div class=\"elementor-element elementor-element-fc66d14 e-con-full e-flex e-con e-parent\" data-id=\"fc66d14\" data-element_type=\"container\" data-e-type=\"container\">\n\t\t\t\t<div class=\"elementor-element elementor-element-8ea5478 elementor-widget elementor-widget-heading\" data-id=\"8ea5478\" data-element_type=\"widget\" data-e-type=\"widget\" data-widget_type=\"heading.default\">\n\t\t\t\t<div class=\"elementor-widget-container\">\n\t\t\t\t\t<h2 class=\"elementor-heading-title elementor-size-default\">\u00c0 propos de Vinsign<\/h2>\t\t\t\t<\/div>\n\t\t\t\t<\/div>\n\t\t\t\t<div class=\"elementor-element elementor-element-7ca7c87 elementor-widget elementor-widget-text-editor\" data-id=\"7ca7c87\" data-element_type=\"widget\" data-e-type=\"widget\" data-widget_type=\"text-editor.default\">\n\t\t\t\t<div class=\"elementor-widget-container\">\n\t\t\t\t\t\t\t\t\t<p>Nous sommes fiers de faire revivre les panneaux d&rsquo;origine de la mani\u00e8re la plus authentique possible. Pour garantir un panneau pr\u00e9cis et historiquement correct, nous consacrons beaucoup de temps \u00e0 l&rsquo;\u00e9tude des couleurs et des polices d&rsquo;origine, ainsi qu&rsquo;\u00e0 l&rsquo;histoire du panneau, aux circonstances de l&rsquo;\u00e9poque et aux liaisons routi\u00e8res. Les couleurs sont presque identiques \u00e0 l&rsquo;original, tout comme la police de caract\u00e8res authentique que nous cr\u00e9ons de la mani\u00e8re la plus d\u00e9taill\u00e9e possible. Pour donner au panneau un aspect \u00ab\u00a0ab\u00eem\u00e9\u00a0\u00bb, nous appliquons nos propres techniques.<\/p>\n<p>Nos reproductions sont r\u00e9alis\u00e9es \u00e0 partir de branches s\u00e9ch\u00e9es, de h\u00eatre ou de ch\u00eane, combin\u00e9es \u00e0 des mat\u00e9riaux authentiques tels que des chevilles en bois ou en m\u00e9tal et des vis en laiton. Tous les panneaux sont transparents et peuvent \u00eatre utilis\u00e9s \u00e0 l&rsquo;ext\u00e9rieur (m\u00eame s&rsquo;ils sont couverts par un toit de terrasse, par exemple). Sur demande, nous utilisons de la r\u00e9sine synth\u00e9tique, ce qui rend le produit adapt\u00e9 \u00e0 toutes les conditions m\u00e9t\u00e9orologiques.<\/p>\n<p>Chaque panneau est fabriqu\u00e9 \u00e0 la main avec passion et est livr\u00e9 avec un certificat VinSign.<\/p>\n\t\t\t\t\t\t\t\t<\/div>\n\t\t\t\t<\/div>\n\t\t\t\t<\/div>\n\t\t<div class=\"elementor-element elementor-element-3f7f301 e-con-full e-flex e-con e-parent\" data-id=\"3f7f301\" data-element_type=\"container\" data-e-type=\"container\">\n\t\t\t\t<div class=\"elementor-element elementor-element-d741a56 elementor-widget elementor-widget-gallery\" data-id=\"d741a56\" data-element_type=\"widget\" data-e-type=\"widget\" data-settings=\"{&quot;columns&quot;:3,&quot;aspect_ratio&quot;:&quot;4:3&quot;,&quot;lazyload&quot;:&quot;yes&quot;,&quot;gallery_layout&quot;:&quot;grid&quot;,&quot;columns_tablet&quot;:2,&quot;columns_mobile&quot;:1,&quot;gap&quot;:{&quot;unit&quot;:&quot;px&quot;,&quot;size&quot;:10,&quot;sizes&quot;:[]},&quot;gap_tablet&quot;:{&quot;unit&quot;:&quot;px&quot;,&quot;size&quot;:10,&quot;sizes&quot;:[]},&quot;gap_mobile&quot;:{&quot;unit&quot;:&quot;px&quot;,&quot;size&quot;:10,&quot;sizes&quot;:[]},&quot;link_to&quot;:&quot;file&quot;,&quot;overlay_background&quot;:&quot;yes&quot;,&quot;content_hover_animation&quot;:&quot;fade-in&quot;}\" data-widget_type=\"gallery.default\">\n\t\t\t\t<div class=\"elementor-widget-container\">\n\t\t\t\t\t\t\t<div class=\"elementor-gallery__container\">\n\t\t\t\t\t\t\t<a class=\"e-gallery-item elementor-gallery-item elementor-animated-content\" href=\"https:\/\/www.vinsign.eu\/wp-content\/uploads\/2023\/04\/la-route-bleue-rn7-menton.webp\" data-elementor-open-lightbox=\"yes\" data-elementor-lightbox-slideshow=\"d741a56\" data-e-action-hash=\"#elementor-action%3Aaction%3Dlightbox%26settings%3DeyJpZCI6NzU3LCJ1cmwiOiJodHRwczpcL1wvd3d3LnZpbnNpZ24uZXVcL3dwLWNvbnRlbnRcL3VwbG9hZHNcLzIwMjNcLzA0XC9sYS1yb3V0ZS1ibGV1ZS1ybjctbWVudG9uLndlYnAiLCJzbGlkZXNob3ciOiJkNzQxYTU2In0%3D\">\n\t\t\t\t\t<div class=\"e-gallery-image elementor-gallery-item__image\" data-thumbnail=\"https:\/\/www.vinsign.eu\/wp-content\/uploads\/2023\/04\/la-route-bleue-rn7-menton-300x225.webp\" data-width=\"300\" data-height=\"225\" aria-label=\"\" role=\"img\" ><\/div>\n\t\t\t\t\t\t\t\t\t\t\t<div class=\"elementor-gallery-item__overlay\"><\/div>\n\t\t\t\t\t\t\t\t\t\t\t\t\t\t<\/a>\n\t\t\t\t\t\t\t<a class=\"e-gallery-item elementor-gallery-item elementor-animated-content\" href=\"https:\/\/www.vinsign.eu\/wp-content\/uploads\/2023\/04\/valognes-3.webp\" data-elementor-open-lightbox=\"yes\" data-elementor-lightbox-slideshow=\"d741a56\" data-e-action-hash=\"#elementor-action%3Aaction%3Dlightbox%26settings%3DeyJpZCI6MTM3OSwidXJsIjoiaHR0cHM6XC9cL3d3dy52aW5zaWduLmV1XC93cC1jb250ZW50XC91cGxvYWRzXC8yMDIzXC8wNFwvdmFsb2duZXMtMy53ZWJwIiwic2xpZGVzaG93IjoiZDc0MWE1NiJ9\">\n\t\t\t\t\t<div class=\"e-gallery-image elementor-gallery-item__image\" data-thumbnail=\"https:\/\/www.vinsign.eu\/wp-content\/uploads\/2023\/04\/valognes-3-300x225.webp\" data-width=\"300\" data-height=\"225\" aria-label=\"\" role=\"img\" ><\/div>\n\t\t\t\t\t\t\t\t\t\t\t<div class=\"elementor-gallery-item__overlay\"><\/div>\n\t\t\t\t\t\t\t\t\t\t\t\t\t\t<\/a>\n\t\t\t\t\t\t\t<a class=\"e-gallery-item elementor-gallery-item elementor-animated-content\" href=\"https:\/\/www.vinsign.eu\/wp-content\/uploads\/2023\/04\/poteau-michelin-le-mans-24-heures-5.webp\" data-elementor-open-lightbox=\"yes\" data-elementor-lightbox-slideshow=\"d741a56\" data-e-action-hash=\"#elementor-action%3Aaction%3Dlightbox%26settings%3DeyJpZCI6MTE3MiwidXJsIjoiaHR0cHM6XC9cL3d3dy52aW5zaWduLmV1XC93cC1jb250ZW50XC91cGxvYWRzXC8yMDIzXC8wNFwvcG90ZWF1LW1pY2hlbGluLWxlLW1hbnMtMjQtaGV1cmVzLTUud2VicCIsInNsaWRlc2hvdyI6ImQ3NDFhNTYifQ%3D%3D\">\n\t\t\t\t\t<div class=\"e-gallery-image elementor-gallery-item__image\" data-thumbnail=\"https:\/\/www.vinsign.eu\/wp-content\/uploads\/2023\/04\/poteau-michelin-le-mans-24-heures-5-300x225.webp\" data-width=\"300\" data-height=\"225\" aria-label=\"\" role=\"img\" ><\/div>\n\t\t\t\t\t\t\t\t\t\t\t<div class=\"elementor-gallery-item__overlay\"><\/div>\n\t\t\t\t\t\t\t\t\t\t\t\t\t\t<\/a>\n\t\t\t\t\t\t\t<a class=\"e-gallery-item elementor-gallery-item elementor-animated-content\" href=\"https:\/\/www.vinsign.eu\/wp-content\/uploads\/2023\/04\/poteau-michelin-le-strasbourg-3.webp\" data-elementor-open-lightbox=\"yes\" data-elementor-lightbox-slideshow=\"d741a56\" data-e-action-hash=\"#elementor-action%3Aaction%3Dlightbox%26settings%3DeyJpZCI6MTE4NCwidXJsIjoiaHR0cHM6XC9cL3d3dy52aW5zaWduLmV1XC93cC1jb250ZW50XC91cGxvYWRzXC8yMDIzXC8wNFwvcG90ZWF1LW1pY2hlbGluLWxlLXN0cmFzYm91cmctMy53ZWJwIiwic2xpZGVzaG93IjoiZDc0MWE1NiJ9\">\n\t\t\t\t\t<div class=\"e-gallery-image elementor-gallery-item__image\" data-thumbnail=\"https:\/\/www.vinsign.eu\/wp-content\/uploads\/2023\/04\/poteau-michelin-le-strasbourg-3-300x225.webp\" data-width=\"300\" data-height=\"225\" aria-label=\"\" role=\"img\" ><\/div>\n\t\t\t\t\t\t\t\t\t\t\t<div class=\"elementor-gallery-item__overlay\"><\/div>\n\t\t\t\t\t\t\t\t\t\t\t\t\t\t<\/a>\n\t\t\t\t\t\t\t<a class=\"e-gallery-item elementor-gallery-item elementor-animated-content\" href=\"https:\/\/www.vinsign.eu\/wp-content\/uploads\/2023\/04\/plaque-michelin-la-drome-1939.webp\" data-elementor-open-lightbox=\"yes\" data-elementor-lightbox-slideshow=\"d741a56\" data-e-action-hash=\"#elementor-action%3Aaction%3Dlightbox%26settings%3DeyJpZCI6MTExNSwidXJsIjoiaHR0cHM6XC9cL3d3dy52aW5zaWduLmV1XC93cC1jb250ZW50XC91cGxvYWRzXC8yMDIzXC8wNFwvcGxhcXVlLW1pY2hlbGluLWxhLWRyb21lLTE5Mzkud2VicCIsInNsaWRlc2hvdyI6ImQ3NDFhNTYifQ%3D%3D\">\n\t\t\t\t\t<div class=\"e-gallery-image elementor-gallery-item__image\" data-thumbnail=\"https:\/\/www.vinsign.eu\/wp-content\/uploads\/2023\/04\/plaque-michelin-la-drome-1939-300x225.webp\" data-width=\"300\" data-height=\"225\" aria-label=\"\" role=\"img\" ><\/div>\n\t\t\t\t\t\t\t\t\t\t\t<div class=\"elementor-gallery-item__overlay\"><\/div>\n\t\t\t\t\t\t\t\t\t\t\t\t\t\t<\/a>\n\t\t\t\t\t\t\t<a class=\"e-gallery-item elementor-gallery-item elementor-animated-content\" href=\"https:\/\/www.vinsign.eu\/wp-content\/uploads\/2023\/04\/paris-arpajon-cadre.webp\" data-elementor-open-lightbox=\"yes\" data-elementor-lightbox-slideshow=\"d741a56\" data-e-action-hash=\"#elementor-action%3Aaction%3Dlightbox%26settings%3DeyJpZCI6MTAzMiwidXJsIjoiaHR0cHM6XC9cL3d3dy52aW5zaWduLmV1XC93cC1jb250ZW50XC91cGxvYWRzXC8yMDIzXC8wNFwvcGFyaXMtYXJwYWpvbi1jYWRyZS53ZWJwIiwic2xpZGVzaG93IjoiZDc0MWE1NiJ9\">\n\t\t\t\t\t<div class=\"e-gallery-image elementor-gallery-item__image\" data-thumbnail=\"https:\/\/www.vinsign.eu\/wp-content\/uploads\/2023\/04\/paris-arpajon-cadre-300x225.webp\" data-width=\"300\" data-height=\"225\" aria-label=\"\" role=\"img\" ><\/div>\n\t\t\t\t\t\t\t\t\t\t\t<div class=\"elementor-gallery-item__overlay\"><\/div>\n\t\t\t\t\t\t\t\t\t\t\t\t\t\t<\/a>\n\t\t\t\t\t\t\t<a class=\"e-gallery-item elementor-gallery-item elementor-animated-content\" href=\"https:\/\/www.vinsign.eu\/wp-content\/uploads\/2023\/04\/normandie-sign-xl-2.webp\" data-elementor-open-lightbox=\"yes\" data-elementor-lightbox-slideshow=\"d741a56\" data-e-action-hash=\"#elementor-action%3Aaction%3Dlightbox%26settings%3DeyJpZCI6ODcxLCJ1cmwiOiJodHRwczpcL1wvd3d3LnZpbnNpZ24uZXVcL3dwLWNvbnRlbnRcL3VwbG9hZHNcLzIwMjNcLzA0XC9ub3JtYW5kaWUtc2lnbi14bC0yLndlYnAiLCJzbGlkZXNob3ciOiJkNzQxYTU2In0%3D\">\n\t\t\t\t\t<div class=\"e-gallery-image elementor-gallery-item__image\" data-thumbnail=\"https:\/\/www.vinsign.eu\/wp-content\/uploads\/2023\/04\/normandie-sign-xl-2-300x225.webp\" data-width=\"300\" data-height=\"225\" aria-label=\"\" role=\"img\" ><\/div>\n\t\t\t\t\t\t\t\t\t\t\t<div class=\"elementor-gallery-item__overlay\"><\/div>\n\t\t\t\t\t\t\t\t\t\t\t\t\t\t<\/a>\n\t\t\t\t\t\t\t<a class=\"e-gallery-item elementor-gallery-item elementor-animated-content\" href=\"https:\/\/www.vinsign.eu\/wp-content\/uploads\/2023\/04\/metro-light-sign-paris.webp\" data-elementor-open-lightbox=\"yes\" data-elementor-lightbox-slideshow=\"d741a56\" data-e-action-hash=\"#elementor-action%3Aaction%3Dlightbox%26settings%3DeyJpZCI6ODE2LCJ1cmwiOiJodHRwczpcL1wvd3d3LnZpbnNpZ24uZXVcL3dwLWNvbnRlbnRcL3VwbG9hZHNcLzIwMjNcLzA0XC9tZXRyby1saWdodC1zaWduLXBhcmlzLndlYnAiLCJzbGlkZXNob3ciOiJkNzQxYTU2In0%3D\">\n\t\t\t\t\t<div class=\"e-gallery-image elementor-gallery-item__image\" data-thumbnail=\"https:\/\/www.vinsign.eu\/wp-content\/uploads\/2023\/04\/metro-light-sign-paris-300x225.webp\" data-width=\"300\" data-height=\"225\" aria-label=\"\" role=\"img\" ><\/div>\n\t\t\t\t\t\t\t\t\t\t\t<div class=\"elementor-gallery-item__overlay\"><\/div>\n\t\t\t\t\t\t\t\t\t\t\t\t\t\t<\/a>\n\t\t\t\t\t\t\t<a class=\"e-gallery-item elementor-gallery-item elementor-animated-content\" href=\"https:\/\/www.vinsign.eu\/wp-content\/uploads\/2023\/04\/la-pointe-du-hoc-gc32-1944.webp\" data-elementor-open-lightbox=\"yes\" data-elementor-lightbox-slideshow=\"d741a56\" data-e-action-hash=\"#elementor-action%3Aaction%3Dlightbox%26settings%3DeyJpZCI6NzI5LCJ1cmwiOiJodHRwczpcL1wvd3d3LnZpbnNpZ24uZXVcL3dwLWNvbnRlbnRcL3VwbG9hZHNcLzIwMjNcLzA0XC9sYS1wb2ludGUtZHUtaG9jLWdjMzItMTk0NC53ZWJwIiwic2xpZGVzaG93IjoiZDc0MWE1NiJ9\">\n\t\t\t\t\t<div class=\"e-gallery-image elementor-gallery-item__image\" data-thumbnail=\"https:\/\/www.vinsign.eu\/wp-content\/uploads\/2023\/04\/la-pointe-du-hoc-gc32-1944-300x225.webp\" data-width=\"300\" data-height=\"225\" aria-label=\"\" role=\"img\" ><\/div>\n\t\t\t\t\t\t\t\t\t\t\t<div class=\"elementor-gallery-item__overlay\"><\/div>\n\t\t\t\t\t\t\t\t\t\t\t\t\t\t<\/a>\n\t\t\t\t\t<\/div>\n\t\t\t\t\t<\/div>\n\t\t\t\t<\/div>\n\t\t\t\t<\/div>\n\t\t\t\t\t<\/div>\n\t\t\t\t<\/div>\n\t\t\t\t<\/div>\n\t\t","protected":false},"excerpt":{"rendered":"<p>\u00c0 propos de Vinsign Nous sommes fiers de faire revivre les panneaux d&rsquo;origine de la mani\u00e8re la plus authentique possible. Pour garantir un panneau pr\u00e9cis et historiquement correct, nous consacrons beaucoup de temps \u00e0 l&rsquo;\u00e9tude des couleurs et des polices d&rsquo;origine, ainsi qu&rsquo;\u00e0 l&rsquo;histoire du panneau, aux circonstances de l&rsquo;\u00e9poque et aux liaisons routi\u00e8res. Les [&hellip;]<\/p>\n","protected":false},"author":1,"featured_media":4748,"parent":0,"menu_order":80,"comment_status":"closed","ping_status":"closed","template":"","meta":{"footnotes":""},"class_list":["post-5334","page","type-page","status-publish","has-post-thumbnail","hentry"],"yoast_head":"<!-- This site is optimized with the Yoast SEO plugin v27.4 - https:\/\/yoast.com\/product\/yoast-seo-wordpress\/ -->\n<title>\u00c0 propos de nous - Notre passion pour la qualit\u00e9 et l&#039;artisanat<\/title>\n<meta name=\"description\" content=\"D\u00e9couvrez l&#039;histoire de VinSign - une \u00e9quipe passionn\u00e9e qui se consacre \u00e0 la production d&#039;enseignes et d&#039;accessoires artisanaux de qualit\u00e9.\" \/>\n<meta name=\"robots\" content=\"index, follow, max-snippet:-1, max-image-preview:large, max-video-preview:-1\" \/>\n<link rel=\"canonical\" href=\"https:\/\/www.vinsign.eu\/fr\/a-propos-de-nous\/\" \/>\n<meta property=\"og:locale\" content=\"fr_FR\" \/>\n<meta property=\"og:type\" content=\"article\" \/>\n<meta property=\"og:title\" content=\"\u00c0 propos de nous - Notre passion pour la qualit\u00e9 et l&#039;artisanat\" \/>\n<meta property=\"og:description\" content=\"D\u00e9couvrez l&#039;histoire de VinSign - une \u00e9quipe passionn\u00e9e qui se consacre \u00e0 la production d&#039;enseignes et d&#039;accessoires artisanaux de qualit\u00e9.\" \/>\n<meta property=\"og:url\" content=\"https:\/\/www.vinsign.eu\/fr\/a-propos-de-nous\/\" \/>\n<meta property=\"og:site_name\" content=\"Vinsign\" \/>\n<meta property=\"article:publisher\" content=\"https:\/\/www.facebook.com\/vinsignbm\" \/>\n<meta property=\"article:modified_time\" content=\"2023-07-09T13:04:24+00:00\" \/>\n<meta property=\"og:image\" content=\"https:\/\/www.vinsign.eu\/wp-content\/uploads\/2023\/04\/poteau-michelin-utah-beach.webp\" \/>\n\t<meta property=\"og:image:width\" content=\"800\" \/>\n\t<meta property=\"og:image:height\" content=\"600\" \/>\n\t<meta property=\"og:image:type\" content=\"image\/webp\" \/>\n<meta name=\"twitter:card\" content=\"summary_large_image\" \/>\n<meta name=\"twitter:label1\" content=\"Dur\u00e9e de lecture estim\u00e9e\" \/>\n\t<meta name=\"twitter:data1\" content=\"1 minute\" \/>\n<script type=\"application\/ld+json\" class=\"yoast-schema-graph\">{\"@context\":\"https:\\\/\\\/schema.org\",\"@graph\":[{\"@type\":\"WebPage\",\"@id\":\"https:\\\/\\\/www.vinsign.eu\\\/fr\\\/a-propos-de-nous\\\/\",\"url\":\"https:\\\/\\\/www.vinsign.eu\\\/fr\\\/a-propos-de-nous\\\/\",\"name\":\"\u00c0 propos de nous - Notre passion pour la qualit\u00e9 et l'artisanat\",\"isPartOf\":{\"@id\":\"https:\\\/\\\/www.vinsign.eu\\\/fr\\\/#website\"},\"primaryImageOfPage\":{\"@id\":\"https:\\\/\\\/www.vinsign.eu\\\/fr\\\/a-propos-de-nous\\\/#primaryimage\"},\"image\":{\"@id\":\"https:\\\/\\\/www.vinsign.eu\\\/fr\\\/a-propos-de-nous\\\/#primaryimage\"},\"thumbnailUrl\":\"https:\\\/\\\/www.vinsign.eu\\\/wp-content\\\/uploads\\\/2023\\\/04\\\/poteau-michelin-utah-beach.webp\",\"datePublished\":\"2023-04-04T14:15:17+00:00\",\"dateModified\":\"2023-07-09T13:04:24+00:00\",\"description\":\"D\u00e9couvrez l'histoire de VinSign - une \u00e9quipe passionn\u00e9e qui se consacre \u00e0 la production d'enseignes et d'accessoires artisanaux de qualit\u00e9.\",\"inLanguage\":\"fr-FR\",\"potentialAction\":[{\"@type\":\"ReadAction\",\"target\":[\"https:\\\/\\\/www.vinsign.eu\\\/fr\\\/a-propos-de-nous\\\/\"]}]},{\"@type\":\"ImageObject\",\"inLanguage\":\"fr-FR\",\"@id\":\"https:\\\/\\\/www.vinsign.eu\\\/fr\\\/a-propos-de-nous\\\/#primaryimage\",\"url\":\"https:\\\/\\\/www.vinsign.eu\\\/wp-content\\\/uploads\\\/2023\\\/04\\\/poteau-michelin-utah-beach.webp\",\"contentUrl\":\"https:\\\/\\\/www.vinsign.eu\\\/wp-content\\\/uploads\\\/2023\\\/04\\\/poteau-michelin-utah-beach.webp\",\"width\":800,\"height\":600},{\"@type\":\"WebSite\",\"@id\":\"https:\\\/\\\/www.vinsign.eu\\\/fr\\\/#website\",\"url\":\"https:\\\/\\\/www.vinsign.eu\\\/fr\\\/\",\"name\":\"VinSign\",\"description\":\"Enseignes faites \u00e0 la main\",\"publisher\":{\"@id\":\"https:\\\/\\\/www.vinsign.eu\\\/fr\\\/#organization\"},\"potentialAction\":[{\"@type\":\"SearchAction\",\"target\":{\"@type\":\"EntryPoint\",\"urlTemplate\":\"https:\\\/\\\/www.vinsign.eu\\\/fr\\\/?s={search_term_string}\"},\"query-input\":{\"@type\":\"PropertyValueSpecification\",\"valueRequired\":true,\"valueName\":\"search_term_string\"}}],\"inLanguage\":\"fr-FR\"},{\"@type\":\"Organization\",\"@id\":\"https:\\\/\\\/www.vinsign.eu\\\/fr\\\/#organization\",\"name\":\"VinSign\",\"url\":\"https:\\\/\\\/www.vinsign.eu\\\/fr\\\/\",\"logo\":{\"@type\":\"ImageObject\",\"inLanguage\":\"fr-FR\",\"@id\":\"https:\\\/\\\/www.vinsign.eu\\\/fr\\\/#\\\/schema\\\/logo\\\/image\\\/\",\"url\":\"https:\\\/\\\/www.vinsign.eu\\\/wp-content\\\/uploads\\\/2023\\\/03\\\/logo-vinsign.webp\",\"contentUrl\":\"https:\\\/\\\/www.vinsign.eu\\\/wp-content\\\/uploads\\\/2023\\\/03\\\/logo-vinsign.webp\",\"width\":400,\"height\":121,\"caption\":\"VinSign\"},\"image\":{\"@id\":\"https:\\\/\\\/www.vinsign.eu\\\/fr\\\/#\\\/schema\\\/logo\\\/image\\\/\"},\"sameAs\":[\"https:\\\/\\\/www.facebook.com\\\/vinsignbm\"]}]}<\/script>\n<!-- \/ Yoast SEO plugin. -->","yoast_head_json":{"title":"\u00c0 propos de nous - Notre passion pour la qualit\u00e9 et l'artisanat","description":"D\u00e9couvrez l'histoire de VinSign - une \u00e9quipe passionn\u00e9e qui se consacre \u00e0 la production d'enseignes et d'accessoires artisanaux de qualit\u00e9.","robots":{"index":"index","follow":"follow","max-snippet":"max-snippet:-1","max-image-preview":"max-image-preview:large","max-video-preview":"max-video-preview:-1"},"canonical":"https:\/\/www.vinsign.eu\/fr\/a-propos-de-nous\/","og_locale":"fr_FR","og_type":"article","og_title":"\u00c0 propos de nous - Notre passion pour la qualit\u00e9 et l'artisanat","og_description":"D\u00e9couvrez l'histoire de VinSign - une \u00e9quipe passionn\u00e9e qui se consacre \u00e0 la production d'enseignes et d'accessoires artisanaux de qualit\u00e9.","og_url":"https:\/\/www.vinsign.eu\/fr\/a-propos-de-nous\/","og_site_name":"Vinsign","article_publisher":"https:\/\/www.facebook.com\/vinsignbm","article_modified_time":"2023-07-09T13:04:24+00:00","og_image":[{"width":800,"height":600,"url":"https:\/\/www.vinsign.eu\/wp-content\/uploads\/2023\/04\/poteau-michelin-utah-beach.webp","type":"image\/webp"}],"twitter_card":"summary_large_image","twitter_misc":{"Dur\u00e9e de lecture estim\u00e9e":"1 minute"},"schema":{"@context":"https:\/\/schema.org","@graph":[{"@type":"WebPage","@id":"https:\/\/www.vinsign.eu\/fr\/a-propos-de-nous\/","url":"https:\/\/www.vinsign.eu\/fr\/a-propos-de-nous\/","name":"\u00c0 propos de nous - Notre passion pour la qualit\u00e9 et l'artisanat","isPartOf":{"@id":"https:\/\/www.vinsign.eu\/fr\/#website"},"primaryImageOfPage":{"@id":"https:\/\/www.vinsign.eu\/fr\/a-propos-de-nous\/#primaryimage"},"image":{"@id":"https:\/\/www.vinsign.eu\/fr\/a-propos-de-nous\/#primaryimage"},"thumbnailUrl":"https:\/\/www.vinsign.eu\/wp-content\/uploads\/2023\/04\/poteau-michelin-utah-beach.webp","datePublished":"2023-04-04T14:15:17+00:00","dateModified":"2023-07-09T13:04:24+00:00","description":"D\u00e9couvrez l'histoire de VinSign - une \u00e9quipe passionn\u00e9e qui se consacre \u00e0 la production d'enseignes et d'accessoires artisanaux de qualit\u00e9.","inLanguage":"fr-FR","potentialAction":[{"@type":"ReadAction","target":["https:\/\/www.vinsign.eu\/fr\/a-propos-de-nous\/"]}]},{"@type":"ImageObject","inLanguage":"fr-FR","@id":"https:\/\/www.vinsign.eu\/fr\/a-propos-de-nous\/#primaryimage","url":"https:\/\/www.vinsign.eu\/wp-content\/uploads\/2023\/04\/poteau-michelin-utah-beach.webp","contentUrl":"https:\/\/www.vinsign.eu\/wp-content\/uploads\/2023\/04\/poteau-michelin-utah-beach.webp","width":800,"height":600},{"@type":"WebSite","@id":"https:\/\/www.vinsign.eu\/fr\/#website","url":"https:\/\/www.vinsign.eu\/fr\/","name":"VinSign","description":"Enseignes faites \u00e0 la main","publisher":{"@id":"https:\/\/www.vinsign.eu\/fr\/#organization"},"potentialAction":[{"@type":"SearchAction","target":{"@type":"EntryPoint","urlTemplate":"https:\/\/www.vinsign.eu\/fr\/?s={search_term_string}"},"query-input":{"@type":"PropertyValueSpecification","valueRequired":true,"valueName":"search_term_string"}}],"inLanguage":"fr-FR"},{"@type":"Organization","@id":"https:\/\/www.vinsign.eu\/fr\/#organization","name":"VinSign","url":"https:\/\/www.vinsign.eu\/fr\/","logo":{"@type":"ImageObject","inLanguage":"fr-FR","@id":"https:\/\/www.vinsign.eu\/fr\/#\/schema\/logo\/image\/","url":"https:\/\/www.vinsign.eu\/wp-content\/uploads\/2023\/03\/logo-vinsign.webp","contentUrl":"https:\/\/www.vinsign.eu\/wp-content\/uploads\/2023\/03\/logo-vinsign.webp","width":400,"height":121,"caption":"VinSign"},"image":{"@id":"https:\/\/www.vinsign.eu\/fr\/#\/schema\/logo\/image\/"},"sameAs":["https:\/\/www.facebook.com\/vinsignbm"]}]}},"_links":{"self":[{"href":"https:\/\/www.vinsign.eu\/fr\/wp-json\/wp\/v2\/pages\/5334","targetHints":{"allow":["GET"]}}],"collection":[{"href":"https:\/\/www.vinsign.eu\/fr\/wp-json\/wp\/v2\/pages"}],"about":[{"href":"https:\/\/www.vinsign.eu\/fr\/wp-json\/wp\/v2\/types\/page"}],"author":[{"embeddable":true,"href":"https:\/\/www.vinsign.eu\/fr\/wp-json\/wp\/v2\/users\/1"}],"replies":[{"embeddable":true,"href":"https:\/\/www.vinsign.eu\/fr\/wp-json\/wp\/v2\/comments?post=5334"}],"version-history":[{"count":5,"href":"https:\/\/www.vinsign.eu\/fr\/wp-json\/wp\/v2\/pages\/5334\/revisions"}],"predecessor-version":[{"id":8311,"href":"https:\/\/www.vinsign.eu\/fr\/wp-json\/wp\/v2\/pages\/5334\/revisions\/8311"}],"wp:featuredmedia":[{"embeddable":true,"href":"https:\/\/www.vinsign.eu\/fr\/wp-json\/wp\/v2\/media\/4748"}],"wp:attachment":[{"href":"https:\/\/www.vinsign.eu\/fr\/wp-json\/wp\/v2\/media?parent=5334"}],"curies":[{"name":"wp","href":"https:\/\/api.w.org\/{rel}","templated":true}]}}