{"id":5324,"date":"2023-04-18T20:31:49","date_gmt":"2023-04-18T18:31:49","guid":{"rendered":"https:\/\/www.vinsign.eu\/custom-made-signs\/"},"modified":"2023-11-10T00:04:44","modified_gmt":"2023-11-09T23:04:44","slug":"custom-made-signs","status":"publish","type":"page","link":"https:\/\/www.vinsign.eu\/fr\/custom-made-signs\/","title":{"rendered":"Custom made signs"},"content":{"rendered":"\t\t<div data-elementor-type=\"wp-page\" data-elementor-id=\"5324\" class=\"elementor elementor-5324 elementor-2629\" data-elementor-post-type=\"page\">\n\t\t\t\t<div class=\"elementor-element elementor-element-c9242c0 e-flex e-con-boxed e-con e-parent\" data-id=\"c9242c0\" data-element_type=\"container\" data-e-type=\"container\">\n\t\t\t\t\t<div class=\"e-con-inner\">\n\t\t\t\t<div class=\"elementor-element elementor-element-c46203c elementor-widget elementor-widget-heading\" data-id=\"c46203c\" data-element_type=\"widget\" data-e-type=\"widget\" data-widget_type=\"heading.default\">\n\t\t\t\t<div class=\"elementor-widget-container\">\n\t\t\t\t\t<h2 class=\"elementor-heading-title elementor-size-default\">Custom made signs<\/h2>\t\t\t\t<\/div>\n\t\t\t\t<\/div>\n\t\t\t\t\t<\/div>\n\t\t\t\t<\/div>\n\t\t<div class=\"elementor-element elementor-element-282730d e-flex e-con-boxed e-con e-parent\" data-id=\"282730d\" data-element_type=\"container\" data-e-type=\"container\">\n\t\t\t\t\t<div class=\"e-con-inner\">\n\t\t<div class=\"elementor-element elementor-element-6c0d25a e-con-full e-flex e-con e-child\" data-id=\"6c0d25a\" data-element_type=\"container\" data-e-type=\"container\">\n\t\t\t\t<div class=\"elementor-element elementor-element-8a391b7 elementor-widget elementor-widget-text-editor\" data-id=\"8a391b7\" data-element_type=\"widget\" data-e-type=\"widget\" data-widget_type=\"text-editor.default\">\n\t\t\t\t<div class=\"elementor-widget-container\">\n\t\t\t\t\t\t\t\t\t<p>Vous souhaitez redonner vie \u00e0 votre lieu de naissance ou au nom de votre rue ? Vous avez besoin d&rsquo;une d\u00e9coration authentique peinte \u00e0 la main avec votre marque ou votre texte pr\u00e9f\u00e9r\u00e9 ? Ne cherchez pas plus loin ! Vinsign peut cr\u00e9er des enseignes personnalis\u00e9es \u00e0 partir de photos, de dessins ou de votre propre inspiration, dans le mat\u00e9riau et la couleur de votre choix. Nous pouvons m\u00eame imprimer des photos sur du bois. Contactez-nous ou envoyez-nous un message avec votre \u00e9chantillon ou votre demande, et nous vous fournirons un design gratuit et un devis sans engagement pour donner vie \u00e0 votre vision.<\/p>\n\t\t\t\t\t\t\t\t<\/div>\n\t\t\t\t<\/div>\n\t\t\t\t<\/div>\n\t\t<div class=\"elementor-element elementor-element-85d7db8 e-con-full e-flex e-con e-child\" data-id=\"85d7db8\" data-element_type=\"container\" data-e-type=\"container\">\n\t\t\t\t<div class=\"elementor-element elementor-element-ac28ee8 elementor-widget elementor-widget-image\" data-id=\"ac28ee8\" data-element_type=\"widget\" data-e-type=\"widget\" data-widget_type=\"image.default\">\n\t\t\t\t<div class=\"elementor-widget-container\">\n\t\t\t\t\t\t\t\t\t\t\t\t\t\t\t<img fetchpriority=\"high\" decoding=\"async\" width=\"470\" height=\"257\" src=\"https:\/\/www.vinsign.eu\/wp-content\/uploads\/2023\/03\/logos-vinsign-home.webp\" class=\"attachment-large size-large wp-image-3254\" alt=\"\" srcset=\"https:\/\/www.vinsign.eu\/wp-content\/uploads\/2023\/03\/logos-vinsign-home.webp 470w, https:\/\/www.vinsign.eu\/wp-content\/uploads\/2023\/03\/logos-vinsign-home-300x164.webp 300w\" sizes=\"(max-width: 470px) 100vw, 470px\" \/>\t\t\t\t\t\t\t\t\t\t\t\t\t\t\t<\/div>\n\t\t\t\t<\/div>\n\t\t\t\t<\/div>\n\t\t\t\t\t<\/div>\n\t\t\t\t<\/div>\n\t\t<div class=\"elementor-element elementor-element-0e15b15 e-flex e-con-boxed e-con e-parent\" data-id=\"0e15b15\" data-element_type=\"container\" data-e-type=\"container\">\n\t\t\t\t\t<div class=\"e-con-inner\">\n\t\t\t\t\t<\/div>\n\t\t\t\t<\/div>\n\t\t\t\t<\/div>\n\t\t","protected":false},"excerpt":{"rendered":"<p>Vous souhaitez redonner vie \u00e0 votre lieu de naissance ou au nom de votre rue ? Vous avez besoin d&rsquo;une d\u00e9coration authentique peinte \u00e0 la main avec votre marque ou votre texte pr\u00e9f\u00e9r\u00e9 ? Ne cherchez pas plus loin ! Vinsign peut cr\u00e9er des enseignes personnalis\u00e9es \u00e0 partir de photos, de dessins ou de votre [&hellip;]<\/p>\n","protected":false},"author":1,"featured_media":3988,"parent":0,"menu_order":50,"comment_status":"closed","ping_status":"closed","template":"","meta":{"footnotes":""},"class_list":["post-5324","page","type-page","status-publish","has-post-thumbnail","hentry"],"yoast_head":"<!-- This site is optimized with the Yoast SEO plugin v27.4 - https:\/\/yoast.com\/product\/yoast-seo-wordpress\/ -->\n<title>Authentique %titlepagesepsitename%%<\/title>\n<meta name=\"description\" content=\"Commandez votre propre enseigne authentique sur mesure. Les panneaux du m\u00e9tro parisien, ou tout autre panneau. Nous lui redonnons vie. Fabriqu\u00e9 \u00e0 la main et tr\u00e8s d\u00e9taill\u00e9.\" \/>\n<meta name=\"robots\" content=\"index, follow, max-snippet:-1, max-image-preview:large, max-video-preview:-1\" \/>\n<link rel=\"canonical\" href=\"https:\/\/www.vinsign.eu\/fr\/custom-made-signs\/\" \/>\n<meta property=\"og:locale\" content=\"fr_FR\" \/>\n<meta property=\"og:type\" content=\"article\" \/>\n<meta property=\"og:title\" content=\"Authentique %titlepagesepsitename%%\" \/>\n<meta property=\"og:description\" content=\"Commandez votre propre enseigne authentique sur mesure. Les panneaux du m\u00e9tro parisien, ou tout autre panneau. Nous lui redonnons vie. Fabriqu\u00e9 \u00e0 la main et tr\u00e8s d\u00e9taill\u00e9.\" \/>\n<meta property=\"og:url\" content=\"https:\/\/www.vinsign.eu\/fr\/custom-made-signs\/\" \/>\n<meta property=\"og:site_name\" content=\"Vinsign\" \/>\n<meta property=\"article:publisher\" content=\"https:\/\/www.facebook.com\/vinsignbm\" \/>\n<meta property=\"article:modified_time\" content=\"2023-11-09T23:04:44+00:00\" \/>\n<meta property=\"og:image\" content=\"https:\/\/www.vinsign.eu\/wp-content\/uploads\/2023\/04\/metro-paris-1958.webp\" \/>\n\t<meta property=\"og:image:width\" content=\"800\" \/>\n\t<meta property=\"og:image:height\" content=\"600\" \/>\n\t<meta property=\"og:image:type\" content=\"image\/webp\" \/>\n<meta name=\"twitter:card\" content=\"summary_large_image\" \/>\n<meta name=\"twitter:label1\" content=\"Dur\u00e9e de lecture estim\u00e9e\" \/>\n\t<meta name=\"twitter:data1\" content=\"1 minute\" \/>\n<script type=\"application\/ld+json\" class=\"yoast-schema-graph\">{\"@context\":\"https:\\\/\\\/schema.org\",\"@graph\":[{\"@type\":\"WebPage\",\"@id\":\"https:\\\/\\\/www.vinsign.eu\\\/fr\\\/custom-made-signs\\\/\",\"url\":\"https:\\\/\\\/www.vinsign.eu\\\/fr\\\/custom-made-signs\\\/\",\"name\":\"Authentique %titlepagesepsitename%%\",\"isPartOf\":{\"@id\":\"https:\\\/\\\/www.vinsign.eu\\\/fr\\\/#website\"},\"primaryImageOfPage\":{\"@id\":\"https:\\\/\\\/www.vinsign.eu\\\/fr\\\/custom-made-signs\\\/#primaryimage\"},\"image\":{\"@id\":\"https:\\\/\\\/www.vinsign.eu\\\/fr\\\/custom-made-signs\\\/#primaryimage\"},\"thumbnailUrl\":\"https:\\\/\\\/www.vinsign.eu\\\/wp-content\\\/uploads\\\/2023\\\/04\\\/metro-paris-1958.webp\",\"datePublished\":\"2023-04-18T18:31:49+00:00\",\"dateModified\":\"2023-11-09T23:04:44+00:00\",\"description\":\"Commandez votre propre enseigne authentique sur mesure. Les panneaux du m\u00e9tro parisien, ou tout autre panneau. Nous lui redonnons vie. Fabriqu\u00e9 \u00e0 la main et tr\u00e8s d\u00e9taill\u00e9.\",\"inLanguage\":\"fr-FR\",\"potentialAction\":[{\"@type\":\"ReadAction\",\"target\":[\"https:\\\/\\\/www.vinsign.eu\\\/fr\\\/custom-made-signs\\\/\"]}]},{\"@type\":\"ImageObject\",\"inLanguage\":\"fr-FR\",\"@id\":\"https:\\\/\\\/www.vinsign.eu\\\/fr\\\/custom-made-signs\\\/#primaryimage\",\"url\":\"https:\\\/\\\/www.vinsign.eu\\\/wp-content\\\/uploads\\\/2023\\\/04\\\/metro-paris-1958.webp\",\"contentUrl\":\"https:\\\/\\\/www.vinsign.eu\\\/wp-content\\\/uploads\\\/2023\\\/04\\\/metro-paris-1958.webp\",\"width\":800,\"height\":600},{\"@type\":\"WebSite\",\"@id\":\"https:\\\/\\\/www.vinsign.eu\\\/fr\\\/#website\",\"url\":\"https:\\\/\\\/www.vinsign.eu\\\/fr\\\/\",\"name\":\"VinSign\",\"description\":\"Enseignes faites \u00e0 la main\",\"publisher\":{\"@id\":\"https:\\\/\\\/www.vinsign.eu\\\/fr\\\/#organization\"},\"potentialAction\":[{\"@type\":\"SearchAction\",\"target\":{\"@type\":\"EntryPoint\",\"urlTemplate\":\"https:\\\/\\\/www.vinsign.eu\\\/fr\\\/?s={search_term_string}\"},\"query-input\":{\"@type\":\"PropertyValueSpecification\",\"valueRequired\":true,\"valueName\":\"search_term_string\"}}],\"inLanguage\":\"fr-FR\"},{\"@type\":\"Organization\",\"@id\":\"https:\\\/\\\/www.vinsign.eu\\\/fr\\\/#organization\",\"name\":\"VinSign\",\"url\":\"https:\\\/\\\/www.vinsign.eu\\\/fr\\\/\",\"logo\":{\"@type\":\"ImageObject\",\"inLanguage\":\"fr-FR\",\"@id\":\"https:\\\/\\\/www.vinsign.eu\\\/fr\\\/#\\\/schema\\\/logo\\\/image\\\/\",\"url\":\"https:\\\/\\\/www.vinsign.eu\\\/wp-content\\\/uploads\\\/2023\\\/03\\\/logo-vinsign.webp\",\"contentUrl\":\"https:\\\/\\\/www.vinsign.eu\\\/wp-content\\\/uploads\\\/2023\\\/03\\\/logo-vinsign.webp\",\"width\":400,\"height\":121,\"caption\":\"VinSign\"},\"image\":{\"@id\":\"https:\\\/\\\/www.vinsign.eu\\\/fr\\\/#\\\/schema\\\/logo\\\/image\\\/\"},\"sameAs\":[\"https:\\\/\\\/www.facebook.com\\\/vinsignbm\"]}]}<\/script>\n<!-- \/ Yoast SEO plugin. -->","yoast_head_json":{"title":"Authentique %titlepagesepsitename%%","description":"Commandez votre propre enseigne authentique sur mesure. Les panneaux du m\u00e9tro parisien, ou tout autre panneau. Nous lui redonnons vie. Fabriqu\u00e9 \u00e0 la main et tr\u00e8s d\u00e9taill\u00e9.","robots":{"index":"index","follow":"follow","max-snippet":"max-snippet:-1","max-image-preview":"max-image-preview:large","max-video-preview":"max-video-preview:-1"},"canonical":"https:\/\/www.vinsign.eu\/fr\/custom-made-signs\/","og_locale":"fr_FR","og_type":"article","og_title":"Authentique %titlepagesepsitename%%","og_description":"Commandez votre propre enseigne authentique sur mesure. Les panneaux du m\u00e9tro parisien, ou tout autre panneau. Nous lui redonnons vie. Fabriqu\u00e9 \u00e0 la main et tr\u00e8s d\u00e9taill\u00e9.","og_url":"https:\/\/www.vinsign.eu\/fr\/custom-made-signs\/","og_site_name":"Vinsign","article_publisher":"https:\/\/www.facebook.com\/vinsignbm","article_modified_time":"2023-11-09T23:04:44+00:00","og_image":[{"width":800,"height":600,"url":"https:\/\/www.vinsign.eu\/wp-content\/uploads\/2023\/04\/metro-paris-1958.webp","type":"image\/webp"}],"twitter_card":"summary_large_image","twitter_misc":{"Dur\u00e9e de lecture estim\u00e9e":"1 minute"},"schema":{"@context":"https:\/\/schema.org","@graph":[{"@type":"WebPage","@id":"https:\/\/www.vinsign.eu\/fr\/custom-made-signs\/","url":"https:\/\/www.vinsign.eu\/fr\/custom-made-signs\/","name":"Authentique %titlepagesepsitename%%","isPartOf":{"@id":"https:\/\/www.vinsign.eu\/fr\/#website"},"primaryImageOfPage":{"@id":"https:\/\/www.vinsign.eu\/fr\/custom-made-signs\/#primaryimage"},"image":{"@id":"https:\/\/www.vinsign.eu\/fr\/custom-made-signs\/#primaryimage"},"thumbnailUrl":"https:\/\/www.vinsign.eu\/wp-content\/uploads\/2023\/04\/metro-paris-1958.webp","datePublished":"2023-04-18T18:31:49+00:00","dateModified":"2023-11-09T23:04:44+00:00","description":"Commandez votre propre enseigne authentique sur mesure. Les panneaux du m\u00e9tro parisien, ou tout autre panneau. Nous lui redonnons vie. Fabriqu\u00e9 \u00e0 la main et tr\u00e8s d\u00e9taill\u00e9.","inLanguage":"fr-FR","potentialAction":[{"@type":"ReadAction","target":["https:\/\/www.vinsign.eu\/fr\/custom-made-signs\/"]}]},{"@type":"ImageObject","inLanguage":"fr-FR","@id":"https:\/\/www.vinsign.eu\/fr\/custom-made-signs\/#primaryimage","url":"https:\/\/www.vinsign.eu\/wp-content\/uploads\/2023\/04\/metro-paris-1958.webp","contentUrl":"https:\/\/www.vinsign.eu\/wp-content\/uploads\/2023\/04\/metro-paris-1958.webp","width":800,"height":600},{"@type":"WebSite","@id":"https:\/\/www.vinsign.eu\/fr\/#website","url":"https:\/\/www.vinsign.eu\/fr\/","name":"VinSign","description":"Enseignes faites \u00e0 la main","publisher":{"@id":"https:\/\/www.vinsign.eu\/fr\/#organization"},"potentialAction":[{"@type":"SearchAction","target":{"@type":"EntryPoint","urlTemplate":"https:\/\/www.vinsign.eu\/fr\/?s={search_term_string}"},"query-input":{"@type":"PropertyValueSpecification","valueRequired":true,"valueName":"search_term_string"}}],"inLanguage":"fr-FR"},{"@type":"Organization","@id":"https:\/\/www.vinsign.eu\/fr\/#organization","name":"VinSign","url":"https:\/\/www.vinsign.eu\/fr\/","logo":{"@type":"ImageObject","inLanguage":"fr-FR","@id":"https:\/\/www.vinsign.eu\/fr\/#\/schema\/logo\/image\/","url":"https:\/\/www.vinsign.eu\/wp-content\/uploads\/2023\/03\/logo-vinsign.webp","contentUrl":"https:\/\/www.vinsign.eu\/wp-content\/uploads\/2023\/03\/logo-vinsign.webp","width":400,"height":121,"caption":"VinSign"},"image":{"@id":"https:\/\/www.vinsign.eu\/fr\/#\/schema\/logo\/image\/"},"sameAs":["https:\/\/www.facebook.com\/vinsignbm"]}]}},"_links":{"self":[{"href":"https:\/\/www.vinsign.eu\/fr\/wp-json\/wp\/v2\/pages\/5324","targetHints":{"allow":["GET"]}}],"collection":[{"href":"https:\/\/www.vinsign.eu\/fr\/wp-json\/wp\/v2\/pages"}],"about":[{"href":"https:\/\/www.vinsign.eu\/fr\/wp-json\/wp\/v2\/types\/page"}],"author":[{"embeddable":true,"href":"https:\/\/www.vinsign.eu\/fr\/wp-json\/wp\/v2\/users\/1"}],"replies":[{"embeddable":true,"href":"https:\/\/www.vinsign.eu\/fr\/wp-json\/wp\/v2\/comments?post=5324"}],"version-history":[{"count":7,"href":"https:\/\/www.vinsign.eu\/fr\/wp-json\/wp\/v2\/pages\/5324\/revisions"}],"predecessor-version":[{"id":11239,"href":"https:\/\/www.vinsign.eu\/fr\/wp-json\/wp\/v2\/pages\/5324\/revisions\/11239"}],"wp:featuredmedia":[{"embeddable":true,"href":"https:\/\/www.vinsign.eu\/fr\/wp-json\/wp\/v2\/media\/3988"}],"wp:attachment":[{"href":"https:\/\/www.vinsign.eu\/fr\/wp-json\/wp\/v2\/media?parent=5324"}],"curies":[{"name":"wp","href":"https:\/\/api.w.org\/{rel}","templated":true}]}}