{"id":5318,"date":"2023-04-18T20:28:04","date_gmt":"2023-04-18T18:28:04","guid":{"rendered":"https:\/\/www.vinsign.eu\/world-war-ii-signs\/"},"modified":"2023-11-10T23:59:34","modified_gmt":"2023-11-10T22:59:34","slug":"world-war-ii-signs","status":"publish","type":"page","link":"https:\/\/www.vinsign.eu\/fr\/world-war-ii-signs\/","title":{"rendered":"World war II signs"},"content":{"rendered":"\t\t<div data-elementor-type=\"wp-page\" data-elementor-id=\"5318\" class=\"elementor elementor-5318 elementor-2625\" data-elementor-post-type=\"page\">\n\t\t\t\t<div class=\"elementor-element elementor-element-261761ba e-flex e-con-boxed e-con e-parent\" data-id=\"261761ba\" data-element_type=\"container\" data-e-type=\"container\">\n\t\t\t\t\t<div class=\"e-con-inner\">\n\t\t\t\t<div class=\"elementor-element elementor-element-5f444d48 elementor-widget elementor-widget-heading\" data-id=\"5f444d48\" data-element_type=\"widget\" data-e-type=\"widget\" data-widget_type=\"heading.default\">\n\t\t\t\t<div class=\"elementor-widget-container\">\n\t\t\t\t\t<h2 class=\"elementor-heading-title elementor-size-default\">World war II signs<\/h2>\t\t\t\t<\/div>\n\t\t\t\t<\/div>\n\t\t\t\t\t<\/div>\n\t\t\t\t<\/div>\n\t\t<div class=\"elementor-element elementor-element-98e775b e-flex e-con-boxed e-con e-parent\" data-id=\"98e775b\" data-element_type=\"container\" data-e-type=\"container\">\n\t\t\t\t\t<div class=\"e-con-inner\">\n\t\t<div class=\"elementor-element elementor-element-4b89055c e-con-full e-flex e-con e-child\" data-id=\"4b89055c\" data-element_type=\"container\" data-e-type=\"container\">\n\t\t\t\t<div class=\"elementor-element elementor-element-1f6a3c9a elementor-widget elementor-widget-text-editor\" data-id=\"1f6a3c9a\" data-element_type=\"widget\" data-e-type=\"widget\" data-widget_type=\"text-editor.default\">\n\t\t\t\t<div class=\"elementor-widget-container\">\n\t\t\t\t\t\t\t\t\t<p>Pendant la Seconde Guerre mondiale, les peintres publicitaires allemands ont \u00e9t\u00e9 charg\u00e9s de peindre d&rsquo;innombrables enseignes et panneaux de signalisation. Pour chaque ville, bureau ou r\u00e8glement, un panneau a \u00e9t\u00e9 cr\u00e9\u00e9. M\u00eame la direction de la ligne de front \u00e9tait indiqu\u00e9e, afin que l&rsquo;on ne puisse pas pr\u00e9tendre plus tard \u00ab\u00a0je ne l&rsquo;ai pas vu\u00a0\u00bb&#8230; Sur cette page, vous trouverez des reproductions d&rsquo;originaux qui peuvent encore \u00eatre vus dans diff\u00e9rents mus\u00e9es. Ces panneaux sont \u00e9galement disponibles en diff\u00e9rentes versions sur demande. Les textes et symboles offensants ne seront PAS reproduits.<\/p>\n\t\t\t\t\t\t\t\t<\/div>\n\t\t\t\t<\/div>\n\t\t\t\t<\/div>\n\t\t<div class=\"elementor-element elementor-element-359d7bf4 e-con-full e-flex e-con e-child\" data-id=\"359d7bf4\" data-element_type=\"container\" data-e-type=\"container\">\n\t\t\t\t<div class=\"elementor-element elementor-element-6c42ff7c elementor-widget elementor-widget-image\" data-id=\"6c42ff7c\" data-element_type=\"widget\" data-e-type=\"widget\" data-widget_type=\"image.default\">\n\t\t\t\t<div class=\"elementor-widget-container\">\n\t\t\t\t\t\t\t\t\t\t\t\t\t\t\t<img fetchpriority=\"high\" decoding=\"async\" width=\"470\" height=\"257\" src=\"https:\/\/www.vinsign.eu\/wp-content\/uploads\/2023\/03\/logos-vinsign-home.webp\" class=\"attachment-large size-large wp-image-3254\" alt=\"\" srcset=\"https:\/\/www.vinsign.eu\/wp-content\/uploads\/2023\/03\/logos-vinsign-home.webp 470w, https:\/\/www.vinsign.eu\/wp-content\/uploads\/2023\/03\/logos-vinsign-home-300x164.webp 300w\" sizes=\"(max-width: 470px) 100vw, 470px\" \/>\t\t\t\t\t\t\t\t\t\t\t\t\t\t\t<\/div>\n\t\t\t\t<\/div>\n\t\t\t\t<\/div>\n\t\t\t\t\t<\/div>\n\t\t\t\t<\/div>\n\t\t<div class=\"elementor-element elementor-element-38b26640 e-flex e-con-boxed e-con e-parent\" data-id=\"38b26640\" data-element_type=\"container\" data-e-type=\"container\">\n\t\t\t\t\t<div class=\"e-con-inner\">\n\t\t\t\t\t<\/div>\n\t\t\t\t<\/div>\n\t\t\t\t<\/div>\n\t\t","protected":false},"excerpt":{"rendered":"<p>Pendant la Seconde Guerre mondiale, les peintres publicitaires allemands ont \u00e9t\u00e9 charg\u00e9s de peindre d&rsquo;innombrables enseignes et panneaux de signalisation. Pour chaque ville, bureau ou r\u00e8glement, un panneau a \u00e9t\u00e9 cr\u00e9\u00e9. M\u00eame la direction de la ligne de front \u00e9tait indiqu\u00e9e, afin que l&rsquo;on ne puisse pas pr\u00e9tendre plus tard \u00ab\u00a0je ne l&rsquo;ai pas vu\u00a0\u00bb&#8230; [&hellip;]<\/p>\n","protected":false},"author":1,"featured_media":4932,"parent":0,"menu_order":30,"comment_status":"closed","ping_status":"closed","template":"","meta":{"footnotes":""},"class_list":["post-5318","page","type-page","status-publish","has-post-thumbnail","hentry"],"yoast_head":"<!-- This site is optimized with the Yoast SEO plugin v27.4 - https:\/\/yoast.com\/product\/yoast-seo-wordpress\/ -->\n<title>Signes authentiques de la Seconde Guerre mondiale faits \u00e0 la main<\/title>\n<meta name=\"description\" content=\"Commandez votre propre enseigne authentique de la Seconde Guerre mondiale. Il s&#039;agit de r\u00e9pliques de panneaux de la Seconde Guerre mondiale. Fabriqu\u00e9 \u00e0 la main et tr\u00e8s d\u00e9taill\u00e9.\" \/>\n<meta name=\"robots\" content=\"index, follow, max-snippet:-1, max-image-preview:large, max-video-preview:-1\" \/>\n<link rel=\"canonical\" href=\"https:\/\/www.vinsign.eu\/fr\/world-war-ii-signs\/\" \/>\n<meta property=\"og:locale\" content=\"fr_FR\" \/>\n<meta property=\"og:type\" content=\"article\" \/>\n<meta property=\"og:title\" content=\"Signes authentiques de la Seconde Guerre mondiale faits \u00e0 la main\" \/>\n<meta property=\"og:description\" content=\"Commandez votre propre enseigne authentique de la Seconde Guerre mondiale. Il s&#039;agit de r\u00e9pliques de panneaux de la Seconde Guerre mondiale. Fabriqu\u00e9 \u00e0 la main et tr\u00e8s d\u00e9taill\u00e9.\" \/>\n<meta property=\"og:url\" content=\"https:\/\/www.vinsign.eu\/fr\/world-war-ii-signs\/\" \/>\n<meta property=\"og:site_name\" content=\"Vinsign\" \/>\n<meta property=\"article:publisher\" content=\"https:\/\/www.facebook.com\/vinsignbm\" \/>\n<meta property=\"article:modified_time\" content=\"2023-11-10T22:59:34+00:00\" \/>\n<meta property=\"og:image\" content=\"https:\/\/www.vinsign.eu\/wp-content\/uploads\/2023\/04\/st-come-du-mont-noir-blanc-2.webp\" \/>\n\t<meta property=\"og:image:width\" content=\"801\" \/>\n\t<meta property=\"og:image:height\" content=\"600\" \/>\n\t<meta property=\"og:image:type\" content=\"image\/webp\" \/>\n<meta name=\"twitter:card\" content=\"summary_large_image\" \/>\n<meta name=\"twitter:label1\" content=\"Dur\u00e9e de lecture estim\u00e9e\" \/>\n\t<meta name=\"twitter:data1\" content=\"3 minutes\" \/>\n<script type=\"application\/ld+json\" class=\"yoast-schema-graph\">{\"@context\":\"https:\\\/\\\/schema.org\",\"@graph\":[{\"@type\":\"WebPage\",\"@id\":\"https:\\\/\\\/www.vinsign.eu\\\/fr\\\/world-war-ii-signs\\\/\",\"url\":\"https:\\\/\\\/www.vinsign.eu\\\/fr\\\/world-war-ii-signs\\\/\",\"name\":\"Signes authentiques de la Seconde Guerre mondiale faits \u00e0 la main\",\"isPartOf\":{\"@id\":\"https:\\\/\\\/www.vinsign.eu\\\/fr\\\/#website\"},\"primaryImageOfPage\":{\"@id\":\"https:\\\/\\\/www.vinsign.eu\\\/fr\\\/world-war-ii-signs\\\/#primaryimage\"},\"image\":{\"@id\":\"https:\\\/\\\/www.vinsign.eu\\\/fr\\\/world-war-ii-signs\\\/#primaryimage\"},\"thumbnailUrl\":\"https:\\\/\\\/www.vinsign.eu\\\/wp-content\\\/uploads\\\/2023\\\/04\\\/st-come-du-mont-noir-blanc-2.webp\",\"datePublished\":\"2023-04-18T18:28:04+00:00\",\"dateModified\":\"2023-11-10T22:59:34+00:00\",\"description\":\"Commandez votre propre enseigne authentique de la Seconde Guerre mondiale. Il s'agit de r\u00e9pliques de panneaux de la Seconde Guerre mondiale. Fabriqu\u00e9 \u00e0 la main et tr\u00e8s d\u00e9taill\u00e9.\",\"inLanguage\":\"fr-FR\",\"potentialAction\":[{\"@type\":\"ReadAction\",\"target\":[\"https:\\\/\\\/www.vinsign.eu\\\/fr\\\/world-war-ii-signs\\\/\"]}]},{\"@type\":\"ImageObject\",\"inLanguage\":\"fr-FR\",\"@id\":\"https:\\\/\\\/www.vinsign.eu\\\/fr\\\/world-war-ii-signs\\\/#primaryimage\",\"url\":\"https:\\\/\\\/www.vinsign.eu\\\/wp-content\\\/uploads\\\/2023\\\/04\\\/st-come-du-mont-noir-blanc-2.webp\",\"contentUrl\":\"https:\\\/\\\/www.vinsign.eu\\\/wp-content\\\/uploads\\\/2023\\\/04\\\/st-come-du-mont-noir-blanc-2.webp\",\"width\":801,\"height\":600},{\"@type\":\"WebSite\",\"@id\":\"https:\\\/\\\/www.vinsign.eu\\\/fr\\\/#website\",\"url\":\"https:\\\/\\\/www.vinsign.eu\\\/fr\\\/\",\"name\":\"VinSign\",\"description\":\"Enseignes faites \u00e0 la main\",\"publisher\":{\"@id\":\"https:\\\/\\\/www.vinsign.eu\\\/fr\\\/#organization\"},\"potentialAction\":[{\"@type\":\"SearchAction\",\"target\":{\"@type\":\"EntryPoint\",\"urlTemplate\":\"https:\\\/\\\/www.vinsign.eu\\\/fr\\\/?s={search_term_string}\"},\"query-input\":{\"@type\":\"PropertyValueSpecification\",\"valueRequired\":true,\"valueName\":\"search_term_string\"}}],\"inLanguage\":\"fr-FR\"},{\"@type\":\"Organization\",\"@id\":\"https:\\\/\\\/www.vinsign.eu\\\/fr\\\/#organization\",\"name\":\"VinSign\",\"url\":\"https:\\\/\\\/www.vinsign.eu\\\/fr\\\/\",\"logo\":{\"@type\":\"ImageObject\",\"inLanguage\":\"fr-FR\",\"@id\":\"https:\\\/\\\/www.vinsign.eu\\\/fr\\\/#\\\/schema\\\/logo\\\/image\\\/\",\"url\":\"https:\\\/\\\/www.vinsign.eu\\\/wp-content\\\/uploads\\\/2023\\\/03\\\/logo-vinsign.webp\",\"contentUrl\":\"https:\\\/\\\/www.vinsign.eu\\\/wp-content\\\/uploads\\\/2023\\\/03\\\/logo-vinsign.webp\",\"width\":400,\"height\":121,\"caption\":\"VinSign\"},\"image\":{\"@id\":\"https:\\\/\\\/www.vinsign.eu\\\/fr\\\/#\\\/schema\\\/logo\\\/image\\\/\"},\"sameAs\":[\"https:\\\/\\\/www.facebook.com\\\/vinsignbm\"]}]}<\/script>\n<!-- \/ Yoast SEO plugin. -->","yoast_head_json":{"title":"Signes authentiques de la Seconde Guerre mondiale faits \u00e0 la main","description":"Commandez votre propre enseigne authentique de la Seconde Guerre mondiale. Il s'agit de r\u00e9pliques de panneaux de la Seconde Guerre mondiale. Fabriqu\u00e9 \u00e0 la main et tr\u00e8s d\u00e9taill\u00e9.","robots":{"index":"index","follow":"follow","max-snippet":"max-snippet:-1","max-image-preview":"max-image-preview:large","max-video-preview":"max-video-preview:-1"},"canonical":"https:\/\/www.vinsign.eu\/fr\/world-war-ii-signs\/","og_locale":"fr_FR","og_type":"article","og_title":"Signes authentiques de la Seconde Guerre mondiale faits \u00e0 la main","og_description":"Commandez votre propre enseigne authentique de la Seconde Guerre mondiale. Il s'agit de r\u00e9pliques de panneaux de la Seconde Guerre mondiale. Fabriqu\u00e9 \u00e0 la main et tr\u00e8s d\u00e9taill\u00e9.","og_url":"https:\/\/www.vinsign.eu\/fr\/world-war-ii-signs\/","og_site_name":"Vinsign","article_publisher":"https:\/\/www.facebook.com\/vinsignbm","article_modified_time":"2023-11-10T22:59:34+00:00","og_image":[{"width":801,"height":600,"url":"https:\/\/www.vinsign.eu\/wp-content\/uploads\/2023\/04\/st-come-du-mont-noir-blanc-2.webp","type":"image\/webp"}],"twitter_card":"summary_large_image","twitter_misc":{"Dur\u00e9e de lecture estim\u00e9e":"3 minutes"},"schema":{"@context":"https:\/\/schema.org","@graph":[{"@type":"WebPage","@id":"https:\/\/www.vinsign.eu\/fr\/world-war-ii-signs\/","url":"https:\/\/www.vinsign.eu\/fr\/world-war-ii-signs\/","name":"Signes authentiques de la Seconde Guerre mondiale faits \u00e0 la main","isPartOf":{"@id":"https:\/\/www.vinsign.eu\/fr\/#website"},"primaryImageOfPage":{"@id":"https:\/\/www.vinsign.eu\/fr\/world-war-ii-signs\/#primaryimage"},"image":{"@id":"https:\/\/www.vinsign.eu\/fr\/world-war-ii-signs\/#primaryimage"},"thumbnailUrl":"https:\/\/www.vinsign.eu\/wp-content\/uploads\/2023\/04\/st-come-du-mont-noir-blanc-2.webp","datePublished":"2023-04-18T18:28:04+00:00","dateModified":"2023-11-10T22:59:34+00:00","description":"Commandez votre propre enseigne authentique de la Seconde Guerre mondiale. Il s'agit de r\u00e9pliques de panneaux de la Seconde Guerre mondiale. Fabriqu\u00e9 \u00e0 la main et tr\u00e8s d\u00e9taill\u00e9.","inLanguage":"fr-FR","potentialAction":[{"@type":"ReadAction","target":["https:\/\/www.vinsign.eu\/fr\/world-war-ii-signs\/"]}]},{"@type":"ImageObject","inLanguage":"fr-FR","@id":"https:\/\/www.vinsign.eu\/fr\/world-war-ii-signs\/#primaryimage","url":"https:\/\/www.vinsign.eu\/wp-content\/uploads\/2023\/04\/st-come-du-mont-noir-blanc-2.webp","contentUrl":"https:\/\/www.vinsign.eu\/wp-content\/uploads\/2023\/04\/st-come-du-mont-noir-blanc-2.webp","width":801,"height":600},{"@type":"WebSite","@id":"https:\/\/www.vinsign.eu\/fr\/#website","url":"https:\/\/www.vinsign.eu\/fr\/","name":"VinSign","description":"Enseignes faites \u00e0 la main","publisher":{"@id":"https:\/\/www.vinsign.eu\/fr\/#organization"},"potentialAction":[{"@type":"SearchAction","target":{"@type":"EntryPoint","urlTemplate":"https:\/\/www.vinsign.eu\/fr\/?s={search_term_string}"},"query-input":{"@type":"PropertyValueSpecification","valueRequired":true,"valueName":"search_term_string"}}],"inLanguage":"fr-FR"},{"@type":"Organization","@id":"https:\/\/www.vinsign.eu\/fr\/#organization","name":"VinSign","url":"https:\/\/www.vinsign.eu\/fr\/","logo":{"@type":"ImageObject","inLanguage":"fr-FR","@id":"https:\/\/www.vinsign.eu\/fr\/#\/schema\/logo\/image\/","url":"https:\/\/www.vinsign.eu\/wp-content\/uploads\/2023\/03\/logo-vinsign.webp","contentUrl":"https:\/\/www.vinsign.eu\/wp-content\/uploads\/2023\/03\/logo-vinsign.webp","width":400,"height":121,"caption":"VinSign"},"image":{"@id":"https:\/\/www.vinsign.eu\/fr\/#\/schema\/logo\/image\/"},"sameAs":["https:\/\/www.facebook.com\/vinsignbm"]}]}},"_links":{"self":[{"href":"https:\/\/www.vinsign.eu\/fr\/wp-json\/wp\/v2\/pages\/5318","targetHints":{"allow":["GET"]}}],"collection":[{"href":"https:\/\/www.vinsign.eu\/fr\/wp-json\/wp\/v2\/pages"}],"about":[{"href":"https:\/\/www.vinsign.eu\/fr\/wp-json\/wp\/v2\/types\/page"}],"author":[{"embeddable":true,"href":"https:\/\/www.vinsign.eu\/fr\/wp-json\/wp\/v2\/users\/1"}],"replies":[{"embeddable":true,"href":"https:\/\/www.vinsign.eu\/fr\/wp-json\/wp\/v2\/comments?post=5318"}],"version-history":[{"count":13,"href":"https:\/\/www.vinsign.eu\/fr\/wp-json\/wp\/v2\/pages\/5318\/revisions"}],"predecessor-version":[{"id":11378,"href":"https:\/\/www.vinsign.eu\/fr\/wp-json\/wp\/v2\/pages\/5318\/revisions\/11378"}],"wp:featuredmedia":[{"embeddable":true,"href":"https:\/\/www.vinsign.eu\/fr\/wp-json\/wp\/v2\/media\/4932"}],"wp:attachment":[{"href":"https:\/\/www.vinsign.eu\/fr\/wp-json\/wp\/v2\/media?parent=5318"}],"curies":[{"name":"wp","href":"https:\/\/api.w.org\/{rel}","templated":true}]}}