{"id":5316,"date":"2023-04-18T20:41:56","date_gmt":"2023-04-18T18:41:56","guid":{"rendered":"https:\/\/www.vinsign.eu\/d-day-signs\/"},"modified":"2023-11-10T00:01:31","modified_gmt":"2023-11-09T23:01:31","slug":"d-day-signs","status":"publish","type":"page","link":"https:\/\/www.vinsign.eu\/fr\/d-day-signs\/","title":{"rendered":"D-day Signs"},"content":{"rendered":"\t\t<div data-elementor-type=\"wp-page\" data-elementor-id=\"5316\" class=\"elementor elementor-5316 elementor-2623\" data-elementor-post-type=\"page\">\n\t\t\t\t<div class=\"elementor-element elementor-element-508c8a00 e-flex e-con-boxed e-con e-parent\" data-id=\"508c8a00\" data-element_type=\"container\" data-e-type=\"container\">\n\t\t\t\t\t<div class=\"e-con-inner\">\n\t\t\t\t<div class=\"elementor-element elementor-element-4a74e776 elementor-widget elementor-widget-heading\" data-id=\"4a74e776\" data-element_type=\"widget\" data-e-type=\"widget\" data-widget_type=\"heading.default\">\n\t\t\t\t<div class=\"elementor-widget-container\">\n\t\t\t\t\t<h2 class=\"elementor-heading-title elementor-size-default\">D-day Signs<\/h2>\t\t\t\t<\/div>\n\t\t\t\t<\/div>\n\t\t<div class=\"elementor-element elementor-element-d3870c3 e-flex e-con-boxed e-con e-child\" data-id=\"d3870c3\" data-element_type=\"container\" data-e-type=\"container\">\n\t\t\t\t\t<div class=\"e-con-inner\">\n\t\t<div class=\"elementor-element elementor-element-784c293f e-con-full e-flex e-con e-child\" data-id=\"784c293f\" data-element_type=\"container\" data-e-type=\"container\">\n\t\t\t\t<div class=\"elementor-element elementor-element-41ab3221 elementor-widget elementor-widget-text-editor\" data-id=\"41ab3221\" data-element_type=\"widget\" data-e-type=\"widget\" data-widget_type=\"text-editor.default\">\n\t\t\t\t<div class=\"elementor-widget-container\">\n\t\t\t\t\t\t\t\t\t<p>La France a \u00e9t\u00e9 le premier pays au monde \u00e0 disposer d&rsquo;un syst\u00e8me organis\u00e9 de num\u00e9rotation des routes. Les routes ont \u00e9t\u00e9 num\u00e9rot\u00e9es administrativement \u00e0 l&rsquo;\u00e9poque de Napol\u00e9on et, au d\u00e9but du XXe si\u00e8cle, les types de routes ont \u00e9t\u00e9 indiqu\u00e9s sur les panneaux. La France devient le premier pays o\u00f9 l&rsquo;on peut parcourir de longues distances sur des routes confortables et bien num\u00e9rot\u00e9es avec une certaine logique. <\/p>\n<p>Les routes N (National Route) partent toutes de Paris dans le sens des aiguilles d&rsquo;une montre, les num\u00e9ros 1 \u00e0 17 \u00e9tant les plus proches de la capitale et le num\u00e9ro 212 le plus \u00e9loign\u00e9. Chaque d\u00e9partement a ses propres r\u00e8gles de num\u00e9rotation pour les routes D (d\u00e9partementales). Dans les ann\u00e9es 1930, de nombreuses routes G.C. et D ont \u00e9t\u00e9 reclass\u00e9es en routes N, ce qui a entra\u00een\u00e9 une certaine confusion pendant la Seconde Guerre mondiale, en particulier chez les Alli\u00e9s. Les panneaux pour les routes G.C. et D \u00e9taient souvent produits par Dunlop, avec une police de caract\u00e8res caract\u00e9ristique, tandis que les impressionnants Panneaux Michelin \u00e9taient utilis\u00e9s pour les routes N.<\/p>\n\t\t\t\t\t\t\t\t<\/div>\n\t\t\t\t<\/div>\n\t\t\t\t<\/div>\n\t\t<div class=\"elementor-element elementor-element-5caff6b8 e-con-full e-flex e-con e-child\" data-id=\"5caff6b8\" data-element_type=\"container\" data-e-type=\"container\">\n\t\t\t\t<div class=\"elementor-element elementor-element-1d66c5a7 elementor-widget elementor-widget-image\" data-id=\"1d66c5a7\" data-element_type=\"widget\" data-e-type=\"widget\" data-widget_type=\"image.default\">\n\t\t\t\t<div class=\"elementor-widget-container\">\n\t\t\t\t\t\t\t\t\t\t\t\t\t\t\t<img fetchpriority=\"high\" decoding=\"async\" width=\"470\" height=\"257\" src=\"https:\/\/www.vinsign.eu\/wp-content\/uploads\/2023\/03\/logos-vinsign-home.webp\" class=\"attachment-large size-large wp-image-3254\" alt=\"\" srcset=\"https:\/\/www.vinsign.eu\/wp-content\/uploads\/2023\/03\/logos-vinsign-home.webp 470w, https:\/\/www.vinsign.eu\/wp-content\/uploads\/2023\/03\/logos-vinsign-home-300x164.webp 300w\" sizes=\"(max-width: 470px) 100vw, 470px\" \/>\t\t\t\t\t\t\t\t\t\t\t\t\t\t\t<\/div>\n\t\t\t\t<\/div>\n\t\t\t\t<\/div>\n\t\t\t\t\t<\/div>\n\t\t\t\t<\/div>\n\t\t\t\t\t<\/div>\n\t\t\t\t<\/div>\n\t\t<div class=\"elementor-element elementor-element-7fe21fb8 e-flex e-con-boxed e-con e-parent\" data-id=\"7fe21fb8\" data-element_type=\"container\" data-e-type=\"container\">\n\t\t\t\t\t<div class=\"e-con-inner\">\n\t\t\t\t\t<\/div>\n\t\t\t\t<\/div>\n\t\t\t\t<\/div>\n\t\t","protected":false},"excerpt":{"rendered":"<p>La France a \u00e9t\u00e9 le premier pays au monde \u00e0 disposer d&rsquo;un syst\u00e8me organis\u00e9 de num\u00e9rotation des routes. Les routes ont \u00e9t\u00e9 num\u00e9rot\u00e9es administrativement \u00e0 l&rsquo;\u00e9poque de Napol\u00e9on et, au d\u00e9but du XXe si\u00e8cle, les types de routes ont \u00e9t\u00e9 indiqu\u00e9s sur les panneaux. La France devient le premier pays o\u00f9 l&rsquo;on peut parcourir de [&hellip;]<\/p>\n","protected":false},"author":1,"featured_media":4434,"parent":0,"menu_order":20,"comment_status":"closed","ping_status":"closed","template":"","meta":{"footnotes":""},"class_list":["post-5316","page","type-page","status-publish","has-post-thumbnail","hentry"],"yoast_head":"<!-- This site is optimized with the Yoast SEO plugin v27.4 - https:\/\/yoast.com\/product\/yoast-seo-wordpress\/ -->\n<title>Signes authentiques du jour J faits \u00e0 la main<\/title>\n<meta name=\"description\" content=\"Commandez votre propre panneau authentique du jour J. Il s&#039;agit de r\u00e9pliques de panneaux de la Seconde Guerre mondiale. Fabriqu\u00e9 \u00e0 la main et tr\u00e8s d\u00e9taill\u00e9.\" \/>\n<meta name=\"robots\" content=\"index, follow, max-snippet:-1, max-image-preview:large, max-video-preview:-1\" \/>\n<link rel=\"canonical\" href=\"https:\/\/www.vinsign.eu\/fr\/d-day-signs\/\" \/>\n<meta property=\"og:locale\" content=\"fr_FR\" \/>\n<meta property=\"og:type\" content=\"article\" \/>\n<meta property=\"og:title\" content=\"Signes authentiques du jour J faits \u00e0 la main\" \/>\n<meta property=\"og:description\" content=\"Commandez votre propre panneau authentique du jour J. Il s&#039;agit de r\u00e9pliques de panneaux de la Seconde Guerre mondiale. Fabriqu\u00e9 \u00e0 la main et tr\u00e8s d\u00e9taill\u00e9.\" \/>\n<meta property=\"og:url\" content=\"https:\/\/www.vinsign.eu\/fr\/d-day-signs\/\" \/>\n<meta property=\"og:site_name\" content=\"Vinsign\" \/>\n<meta property=\"article:publisher\" content=\"https:\/\/www.facebook.com\/vinsignbm\" \/>\n<meta property=\"article:modified_time\" content=\"2023-11-09T23:01:31+00:00\" \/>\n<meta property=\"og:image\" content=\"https:\/\/www.vinsign.eu\/wp-content\/uploads\/2023\/04\/photo-samples-d-day-i-3.webp\" \/>\n\t<meta property=\"og:image:width\" content=\"800\" \/>\n\t<meta property=\"og:image:height\" content=\"600\" \/>\n\t<meta property=\"og:image:type\" content=\"image\/webp\" \/>\n<meta name=\"twitter:card\" content=\"summary_large_image\" \/>\n<meta name=\"twitter:label1\" content=\"Dur\u00e9e de lecture estim\u00e9e\" \/>\n\t<meta name=\"twitter:data1\" content=\"1 minute\" \/>\n<script type=\"application\/ld+json\" class=\"yoast-schema-graph\">{\"@context\":\"https:\\\/\\\/schema.org\",\"@graph\":[{\"@type\":\"WebPage\",\"@id\":\"https:\\\/\\\/www.vinsign.eu\\\/fr\\\/d-day-signs\\\/\",\"url\":\"https:\\\/\\\/www.vinsign.eu\\\/fr\\\/d-day-signs\\\/\",\"name\":\"Signes authentiques du jour J faits \u00e0 la main\",\"isPartOf\":{\"@id\":\"https:\\\/\\\/www.vinsign.eu\\\/fr\\\/#website\"},\"primaryImageOfPage\":{\"@id\":\"https:\\\/\\\/www.vinsign.eu\\\/fr\\\/d-day-signs\\\/#primaryimage\"},\"image\":{\"@id\":\"https:\\\/\\\/www.vinsign.eu\\\/fr\\\/d-day-signs\\\/#primaryimage\"},\"thumbnailUrl\":\"https:\\\/\\\/www.vinsign.eu\\\/wp-content\\\/uploads\\\/2023\\\/04\\\/photo-samples-d-day-i-3.webp\",\"datePublished\":\"2023-04-18T18:41:56+00:00\",\"dateModified\":\"2023-11-09T23:01:31+00:00\",\"description\":\"Commandez votre propre panneau authentique du jour J. Il s'agit de r\u00e9pliques de panneaux de la Seconde Guerre mondiale. Fabriqu\u00e9 \u00e0 la main et tr\u00e8s d\u00e9taill\u00e9.\",\"inLanguage\":\"fr-FR\",\"potentialAction\":[{\"@type\":\"ReadAction\",\"target\":[\"https:\\\/\\\/www.vinsign.eu\\\/fr\\\/d-day-signs\\\/\"]}]},{\"@type\":\"ImageObject\",\"inLanguage\":\"fr-FR\",\"@id\":\"https:\\\/\\\/www.vinsign.eu\\\/fr\\\/d-day-signs\\\/#primaryimage\",\"url\":\"https:\\\/\\\/www.vinsign.eu\\\/wp-content\\\/uploads\\\/2023\\\/04\\\/photo-samples-d-day-i-3.webp\",\"contentUrl\":\"https:\\\/\\\/www.vinsign.eu\\\/wp-content\\\/uploads\\\/2023\\\/04\\\/photo-samples-d-day-i-3.webp\",\"width\":800,\"height\":600},{\"@type\":\"WebSite\",\"@id\":\"https:\\\/\\\/www.vinsign.eu\\\/fr\\\/#website\",\"url\":\"https:\\\/\\\/www.vinsign.eu\\\/fr\\\/\",\"name\":\"VinSign\",\"description\":\"Enseignes faites \u00e0 la main\",\"publisher\":{\"@id\":\"https:\\\/\\\/www.vinsign.eu\\\/fr\\\/#organization\"},\"potentialAction\":[{\"@type\":\"SearchAction\",\"target\":{\"@type\":\"EntryPoint\",\"urlTemplate\":\"https:\\\/\\\/www.vinsign.eu\\\/fr\\\/?s={search_term_string}\"},\"query-input\":{\"@type\":\"PropertyValueSpecification\",\"valueRequired\":true,\"valueName\":\"search_term_string\"}}],\"inLanguage\":\"fr-FR\"},{\"@type\":\"Organization\",\"@id\":\"https:\\\/\\\/www.vinsign.eu\\\/fr\\\/#organization\",\"name\":\"VinSign\",\"url\":\"https:\\\/\\\/www.vinsign.eu\\\/fr\\\/\",\"logo\":{\"@type\":\"ImageObject\",\"inLanguage\":\"fr-FR\",\"@id\":\"https:\\\/\\\/www.vinsign.eu\\\/fr\\\/#\\\/schema\\\/logo\\\/image\\\/\",\"url\":\"https:\\\/\\\/www.vinsign.eu\\\/wp-content\\\/uploads\\\/2023\\\/03\\\/logo-vinsign.webp\",\"contentUrl\":\"https:\\\/\\\/www.vinsign.eu\\\/wp-content\\\/uploads\\\/2023\\\/03\\\/logo-vinsign.webp\",\"width\":400,\"height\":121,\"caption\":\"VinSign\"},\"image\":{\"@id\":\"https:\\\/\\\/www.vinsign.eu\\\/fr\\\/#\\\/schema\\\/logo\\\/image\\\/\"},\"sameAs\":[\"https:\\\/\\\/www.facebook.com\\\/vinsignbm\"]}]}<\/script>\n<!-- \/ Yoast SEO plugin. -->","yoast_head_json":{"title":"Signes authentiques du jour J faits \u00e0 la main","description":"Commandez votre propre panneau authentique du jour J. Il s'agit de r\u00e9pliques de panneaux de la Seconde Guerre mondiale. Fabriqu\u00e9 \u00e0 la main et tr\u00e8s d\u00e9taill\u00e9.","robots":{"index":"index","follow":"follow","max-snippet":"max-snippet:-1","max-image-preview":"max-image-preview:large","max-video-preview":"max-video-preview:-1"},"canonical":"https:\/\/www.vinsign.eu\/fr\/d-day-signs\/","og_locale":"fr_FR","og_type":"article","og_title":"Signes authentiques du jour J faits \u00e0 la main","og_description":"Commandez votre propre panneau authentique du jour J. Il s'agit de r\u00e9pliques de panneaux de la Seconde Guerre mondiale. Fabriqu\u00e9 \u00e0 la main et tr\u00e8s d\u00e9taill\u00e9.","og_url":"https:\/\/www.vinsign.eu\/fr\/d-day-signs\/","og_site_name":"Vinsign","article_publisher":"https:\/\/www.facebook.com\/vinsignbm","article_modified_time":"2023-11-09T23:01:31+00:00","og_image":[{"width":800,"height":600,"url":"https:\/\/www.vinsign.eu\/wp-content\/uploads\/2023\/04\/photo-samples-d-day-i-3.webp","type":"image\/webp"}],"twitter_card":"summary_large_image","twitter_misc":{"Dur\u00e9e de lecture estim\u00e9e":"1 minute"},"schema":{"@context":"https:\/\/schema.org","@graph":[{"@type":"WebPage","@id":"https:\/\/www.vinsign.eu\/fr\/d-day-signs\/","url":"https:\/\/www.vinsign.eu\/fr\/d-day-signs\/","name":"Signes authentiques du jour J faits \u00e0 la main","isPartOf":{"@id":"https:\/\/www.vinsign.eu\/fr\/#website"},"primaryImageOfPage":{"@id":"https:\/\/www.vinsign.eu\/fr\/d-day-signs\/#primaryimage"},"image":{"@id":"https:\/\/www.vinsign.eu\/fr\/d-day-signs\/#primaryimage"},"thumbnailUrl":"https:\/\/www.vinsign.eu\/wp-content\/uploads\/2023\/04\/photo-samples-d-day-i-3.webp","datePublished":"2023-04-18T18:41:56+00:00","dateModified":"2023-11-09T23:01:31+00:00","description":"Commandez votre propre panneau authentique du jour J. Il s'agit de r\u00e9pliques de panneaux de la Seconde Guerre mondiale. Fabriqu\u00e9 \u00e0 la main et tr\u00e8s d\u00e9taill\u00e9.","inLanguage":"fr-FR","potentialAction":[{"@type":"ReadAction","target":["https:\/\/www.vinsign.eu\/fr\/d-day-signs\/"]}]},{"@type":"ImageObject","inLanguage":"fr-FR","@id":"https:\/\/www.vinsign.eu\/fr\/d-day-signs\/#primaryimage","url":"https:\/\/www.vinsign.eu\/wp-content\/uploads\/2023\/04\/photo-samples-d-day-i-3.webp","contentUrl":"https:\/\/www.vinsign.eu\/wp-content\/uploads\/2023\/04\/photo-samples-d-day-i-3.webp","width":800,"height":600},{"@type":"WebSite","@id":"https:\/\/www.vinsign.eu\/fr\/#website","url":"https:\/\/www.vinsign.eu\/fr\/","name":"VinSign","description":"Enseignes faites \u00e0 la main","publisher":{"@id":"https:\/\/www.vinsign.eu\/fr\/#organization"},"potentialAction":[{"@type":"SearchAction","target":{"@type":"EntryPoint","urlTemplate":"https:\/\/www.vinsign.eu\/fr\/?s={search_term_string}"},"query-input":{"@type":"PropertyValueSpecification","valueRequired":true,"valueName":"search_term_string"}}],"inLanguage":"fr-FR"},{"@type":"Organization","@id":"https:\/\/www.vinsign.eu\/fr\/#organization","name":"VinSign","url":"https:\/\/www.vinsign.eu\/fr\/","logo":{"@type":"ImageObject","inLanguage":"fr-FR","@id":"https:\/\/www.vinsign.eu\/fr\/#\/schema\/logo\/image\/","url":"https:\/\/www.vinsign.eu\/wp-content\/uploads\/2023\/03\/logo-vinsign.webp","contentUrl":"https:\/\/www.vinsign.eu\/wp-content\/uploads\/2023\/03\/logo-vinsign.webp","width":400,"height":121,"caption":"VinSign"},"image":{"@id":"https:\/\/www.vinsign.eu\/fr\/#\/schema\/logo\/image\/"},"sameAs":["https:\/\/www.facebook.com\/vinsignbm"]}]}},"_links":{"self":[{"href":"https:\/\/www.vinsign.eu\/fr\/wp-json\/wp\/v2\/pages\/5316","targetHints":{"allow":["GET"]}}],"collection":[{"href":"https:\/\/www.vinsign.eu\/fr\/wp-json\/wp\/v2\/pages"}],"about":[{"href":"https:\/\/www.vinsign.eu\/fr\/wp-json\/wp\/v2\/types\/page"}],"author":[{"embeddable":true,"href":"https:\/\/www.vinsign.eu\/fr\/wp-json\/wp\/v2\/users\/1"}],"replies":[{"embeddable":true,"href":"https:\/\/www.vinsign.eu\/fr\/wp-json\/wp\/v2\/comments?post=5316"}],"version-history":[{"count":19,"href":"https:\/\/www.vinsign.eu\/fr\/wp-json\/wp\/v2\/pages\/5316\/revisions"}],"predecessor-version":[{"id":11219,"href":"https:\/\/www.vinsign.eu\/fr\/wp-json\/wp\/v2\/pages\/5316\/revisions\/11219"}],"wp:featuredmedia":[{"embeddable":true,"href":"https:\/\/www.vinsign.eu\/fr\/wp-json\/wp\/v2\/media\/4434"}],"wp:attachment":[{"href":"https:\/\/www.vinsign.eu\/fr\/wp-json\/wp\/v2\/media?parent=5316"}],"curies":[{"name":"wp","href":"https:\/\/api.w.org\/{rel}","templated":true}]}}